{"id":3490,"date":"2025-05-29T05:39:44","date_gmt":"2025-05-29T05:39:44","guid":{"rendered":"https:\/\/doca.es\/produits\/"},"modified":"2025-12-03T20:17:52","modified_gmt":"2025-12-03T20:17:52","slug":"produits","status":"publish","type":"page","link":"https:\/\/doca.es\/fr\/produits\/","title":{"rendered":"Produits"},"content":{"rendered":"\n<div class=\"gb-element-99ac0607\">\n<div class=\"gb-element-204078a2\">\n<h1 class=\"gb-text gb-text-be16af81\">Produits par collections<\/h1>\n<\/div>\n<\/div>\n\n\n\n<div class=\"gb-element-4495b47a doca-product-list\">\n<div class=\"gb-element-112d462d\">\n<a class=\"gb-element-3dfe89c4 doca-product-image\" href=\"https:\/\/doca.es\/fr\/produits\/cuisines\/\">\n<img loading=\"lazy\" decoding=\"async\" width=\"2480\" height=\"1471\" class=\"gb-media-bddd6239\" alt=\"\" src=\"https:\/\/doca.es\/wp-content\/uploads\/2025\/06\/1.DOCA_CUINA-TRESILLE_FRONTAL.jpg\" title=\"3. nuevas tendencias_\" srcset=\"https:\/\/doca.es\/wp-content\/uploads\/2025\/06\/1.DOCA_CUINA-TRESILLE_FRONTAL.jpg 2480w, https:\/\/doca.es\/wp-content\/uploads\/2025\/06\/1.DOCA_CUINA-TRESILLE_FRONTAL-1024x607.jpg 1024w, https:\/\/doca.es\/wp-content\/uploads\/2025\/06\/1.DOCA_CUINA-TRESILLE_FRONTAL-1536x911.jpg 1536w, https:\/\/doca.es\/wp-content\/uploads\/2025\/06\/1.DOCA_CUINA-TRESILLE_FRONTAL-2048x1215.jpg 2048w\" sizes=\"auto, (max-width: 2480px) 100vw, 2480px\" \/>\n\n\n\n<p class=\"gb-text gb-text-e056f5f0\">Cuisines<\/p>\n\n\n\n<div class=\"doca-gradient\"><\/div>\n<\/a>\n\n\n\n<a class=\"gb-element-972f13ab doca-product-image\" href=\"https:\/\/doca.es\/fr\/produits\/armoires\/\">\n<img loading=\"lazy\" decoding=\"async\" width=\"2560\" height=\"1648\" class=\"gb-media-d2160459\" alt=\"\" src=\"https:\/\/doca.es\/wp-content\/uploads\/2025\/05\/d9224193f4e3e9938dfb62f46630929b0aba4ebc-1-scaled.jpg\" title=\"3. nuevas tendencias_\" srcset=\"https:\/\/doca.es\/wp-content\/uploads\/2025\/05\/d9224193f4e3e9938dfb62f46630929b0aba4ebc-1-scaled.jpg 2560w, https:\/\/doca.es\/wp-content\/uploads\/2025\/05\/d9224193f4e3e9938dfb62f46630929b0aba4ebc-1-1024x659.jpg 1024w, https:\/\/doca.es\/wp-content\/uploads\/2025\/05\/d9224193f4e3e9938dfb62f46630929b0aba4ebc-1-1536x989.jpg 1536w, https:\/\/doca.es\/wp-content\/uploads\/2025\/05\/d9224193f4e3e9938dfb62f46630929b0aba4ebc-1-2048x1318.jpg 2048w\" sizes=\"auto, (max-width: 2560px) 100vw, 2560px\" \/>\n\n\n\n<p class=\"gb-text gb-text-6e3a1f9c\">Armoires<\/p>\n\n\n\n<div class=\"doca-gradient\"><\/div>\n<\/a>\n\n\n\n<a class=\"gb-element-87a63b20 doca-product-image\" href=\"https:\/\/doca.es\/fr\/produits\/vie\/\">\n<img loading=\"lazy\" decoding=\"async\" width=\"2100\" height=\"1556\" class=\"gb-media-793f5856\" alt=\"\" src=\"https:\/\/doca.es\/wp-content\/uploads\/2025\/05\/c62f232bde07f4694b56ec5ab88e5c71212cb99d-1.jpg\" title=\"3. nuevas tendencias_\" srcset=\"https:\/\/doca.es\/wp-content\/uploads\/2025\/05\/c62f232bde07f4694b56ec5ab88e5c71212cb99d-1.jpg 2100w, https:\/\/doca.es\/wp-content\/uploads\/2025\/05\/c62f232bde07f4694b56ec5ab88e5c71212cb99d-1-1024x759.jpg 1024w, https:\/\/doca.es\/wp-content\/uploads\/2025\/05\/c62f232bde07f4694b56ec5ab88e5c71212cb99d-1-1536x1138.jpg 1536w, https:\/\/doca.es\/wp-content\/uploads\/2025\/05\/c62f232bde07f4694b56ec5ab88e5c71212cb99d-1-2048x1517.jpg 2048w\" sizes=\"auto, (max-width: 2100px) 100vw, 2100px\" \/>\n\n\n\n<p class=\"gb-text gb-text-f0afc1cb\">Pi\u00e8ce de Vie<\/p>\n\n\n\n<div class=\"doca-gradient\"><\/div>\n<\/a>\n\n\n\n<a class=\"gb-element-911b48eb doca-product-image\" href=\"https:\/\/doca.es\/fr\/produits\/salles-de-bains\/\">\n<img loading=\"lazy\" decoding=\"async\" width=\"2560\" height=\"1708\" class=\"gb-media-4e5f2f3c\" alt=\"\" src=\"https:\/\/doca.es\/wp-content\/uploads\/2025\/05\/a589b87ef98613d33d0c30457a77f461ef8b0dcb-1-scaled.jpg\" title=\"3. nuevas tendencias_\" srcset=\"https:\/\/doca.es\/wp-content\/uploads\/2025\/05\/a589b87ef98613d33d0c30457a77f461ef8b0dcb-1-scaled.jpg 2560w, https:\/\/doca.es\/wp-content\/uploads\/2025\/05\/a589b87ef98613d33d0c30457a77f461ef8b0dcb-1-1024x683.jpg 1024w, https:\/\/doca.es\/wp-content\/uploads\/2025\/05\/a589b87ef98613d33d0c30457a77f461ef8b0dcb-1-1536x1025.jpg 1536w, https:\/\/doca.es\/wp-content\/uploads\/2025\/05\/a589b87ef98613d33d0c30457a77f461ef8b0dcb-1-2048x1367.jpg 2048w\" sizes=\"auto, (max-width: 2560px) 100vw, 2560px\" \/>\n\n\n\n<p class=\"gb-text gb-text-8d4307f1\">Toilettes<\/p>\n\n\n\n<div class=\"doca-gradient\"><\/div>\n<\/a>\n<\/div>\n<\/div>\n\n\n\n<div class=\"gb-element-5e2a9378\">\n<div class=\"gb-element-5ed26609\">\n<p class=\"gb-text gb-text-cffd9e81\">Le Design<br><em>D&rsquo;Exception<\/em> a un nom<\/p>\n\n\n\n<img loading=\"lazy\" decoding=\"async\" width=\"2560\" height=\"771\" class=\"gb-media-6303f5f0\" alt=\"\" src=\"https:\/\/doca.es\/wp-content\/uploads\/2025\/05\/8dea829647f4d10c34600eac19f9dc7ee6b48f88-1-scaled.png\" title=\"8dea829647f4d10c34600eac19f9dc7ee6b48f88 (1)\" srcset=\"https:\/\/doca.es\/wp-content\/uploads\/2025\/05\/8dea829647f4d10c34600eac19f9dc7ee6b48f88-1-scaled.png 2560w, https:\/\/doca.es\/wp-content\/uploads\/2025\/05\/8dea829647f4d10c34600eac19f9dc7ee6b48f88-1-1024x309.png 1024w, https:\/\/doca.es\/wp-content\/uploads\/2025\/05\/8dea829647f4d10c34600eac19f9dc7ee6b48f88-1-1536x463.png 1536w, https:\/\/doca.es\/wp-content\/uploads\/2025\/05\/8dea829647f4d10c34600eac19f9dc7ee6b48f88-1-2048x617.png 2048w\" sizes=\"auto, (max-width: 2560px) 100vw, 2560px\" \/>\n\n\n\n<p class=\"gb-text gb-text-d271eda2\">\u00c9changeons et imaginons ensemble ce que nous pourrions cr\u00e9er<\/p>\n\n\n\n<div class=\"gb-element-e47fe3c4\">\n<a class=\"gb-text gb-text-82d935e0 btn-doca\" href=\"https:\/\/doca.es\/fr\/contacter\/\">Contact<\/a>\n<\/div>\n<\/div>\n<\/div>\n","protected":false},"excerpt":{"rendered":"<p>Produits par collections Cuisines Armoires Pi\u00e8ce de Vie Toilettes<\/p>\n","protected":false},"author":1,"featured_media":0,"parent":0,"menu_order":0,"comment_status":"closed","ping_status":"closed","template":"","meta":{"footnotes":""},"class_list":["post-3490","page","type-page","status-publish","hentry"],"yoast_head":"<!-- This site is optimized with the Yoast SEO plugin v26.3 - https:\/\/yoast.com\/wordpress\/plugins\/seo\/ -->\n<title>Produits - DOCA<\/title>\n<meta name=\"description\" content=\"Chaque collection DOCA est une exp\u00e9rience sensorielle : des mat\u00e9riaux nobles, des lignes pures et des solutions qui donnent vie \u00e0 des espaces uniques. D\u00e9couvrez nos propositions pour transformer votre maison.\" \/>\n<meta name=\"robots\" content=\"index, follow, max-snippet:-1, max-image-preview:large, max-video-preview:-1\" \/>\n<link rel=\"canonical\" href=\"https:\/\/doca.es\/fr\/produits\/\" \/>\n<meta property=\"og:locale\" content=\"fr_FR\" \/>\n<meta property=\"og:type\" content=\"article\" \/>\n<meta property=\"og:title\" content=\"Produits - DOCA\" \/>\n<meta property=\"og:description\" content=\"Chaque collection DOCA est une exp\u00e9rience sensorielle : des mat\u00e9riaux nobles, des lignes pures et des solutions qui donnent vie \u00e0 des espaces uniques. D\u00e9couvrez nos propositions pour transformer votre maison.\" \/>\n<meta property=\"og:url\" content=\"https:\/\/doca.es\/fr\/produits\/\" \/>\n<meta property=\"og:site_name\" content=\"DOCA\" \/>\n<meta property=\"article:modified_time\" content=\"2025-12-03T20:17:52+00:00\" \/>\n<meta property=\"og:image\" content=\"https:\/\/doca.es\/wp-content\/uploads\/2025\/06\/1.DOCA_CUINA-TRESILLE_FRONTAL.jpg\" \/>\n<meta name=\"twitter:card\" content=\"summary_large_image\" \/>\n<meta name=\"twitter:label1\" content=\"Dur\u00e9e de lecture estim\u00e9e\" \/>\n\t<meta name=\"twitter:data1\" content=\"2 minutes\" \/>\n<script type=\"application\/ld+json\" class=\"yoast-schema-graph\">{\"@context\":\"https:\/\/schema.org\",\"@graph\":[{\"@type\":\"WebPage\",\"@id\":\"https:\/\/doca.es\/fr\/produits\/\",\"url\":\"https:\/\/doca.es\/fr\/produits\/\",\"name\":\"Produits - DOCA\",\"isPartOf\":{\"@id\":\"https:\/\/doca.es\/fr\/#website\"},\"primaryImageOfPage\":{\"@id\":\"https:\/\/doca.es\/fr\/produits\/#primaryimage\"},\"image\":{\"@id\":\"https:\/\/doca.es\/fr\/produits\/#primaryimage\"},\"thumbnailUrl\":\"https:\/\/doca.es\/wp-content\/uploads\/2025\/06\/1.DOCA_CUINA-TRESILLE_FRONTAL.jpg\",\"datePublished\":\"2025-05-29T05:39:44+00:00\",\"dateModified\":\"2025-12-03T20:17:52+00:00\",\"description\":\"Chaque collection DOCA est une exp\u00e9rience sensorielle : des mat\u00e9riaux nobles, des lignes pures et des solutions qui donnent vie \u00e0 des espaces uniques. D\u00e9couvrez nos propositions pour transformer votre maison.\",\"breadcrumb\":{\"@id\":\"https:\/\/doca.es\/fr\/produits\/#breadcrumb\"},\"inLanguage\":\"fr-FR\",\"potentialAction\":[{\"@type\":\"ReadAction\",\"target\":[\"https:\/\/doca.es\/fr\/produits\/\"]}]},{\"@type\":\"ImageObject\",\"inLanguage\":\"fr-FR\",\"@id\":\"https:\/\/doca.es\/fr\/produits\/#primaryimage\",\"url\":\"https:\/\/doca.es\/wp-content\/uploads\/2025\/06\/1.DOCA_CUINA-TRESILLE_FRONTAL.jpg\",\"contentUrl\":\"https:\/\/doca.es\/wp-content\/uploads\/2025\/06\/1.DOCA_CUINA-TRESILLE_FRONTAL.jpg\"},{\"@type\":\"BreadcrumbList\",\"@id\":\"https:\/\/doca.es\/fr\/produits\/#breadcrumb\",\"itemListElement\":[{\"@type\":\"ListItem\",\"position\":1,\"name\":\"Portada\",\"item\":\"https:\/\/doca.es\/fr\/\"},{\"@type\":\"ListItem\",\"position\":2,\"name\":\"Produits\"}]},{\"@type\":\"WebSite\",\"@id\":\"https:\/\/doca.es\/fr\/#website\",\"url\":\"https:\/\/doca.es\/fr\/\",\"name\":\"DOCA\",\"description\":\"\",\"publisher\":{\"@id\":\"https:\/\/doca.es\/fr\/#organization\"},\"potentialAction\":[{\"@type\":\"SearchAction\",\"target\":{\"@type\":\"EntryPoint\",\"urlTemplate\":\"https:\/\/doca.es\/fr\/?s={search_term_string}\"},\"query-input\":{\"@type\":\"PropertyValueSpecification\",\"valueRequired\":true,\"valueName\":\"search_term_string\"}}],\"inLanguage\":\"fr-FR\"},{\"@type\":\"Organization\",\"@id\":\"https:\/\/doca.es\/fr\/#organization\",\"name\":\"DOCA\",\"url\":\"https:\/\/doca.es\/fr\/\",\"logo\":{\"@type\":\"ImageObject\",\"inLanguage\":\"fr-FR\",\"@id\":\"https:\/\/doca.es\/fr\/#\/schema\/logo\/image\/\",\"url\":\"https:\/\/doca.es\/wp-content\/uploads\/2025\/05\/8dea829647f4d10c34600eac19f9dc7ee6b48f88-1-scaled.png\",\"contentUrl\":\"https:\/\/doca.es\/wp-content\/uploads\/2025\/05\/8dea829647f4d10c34600eac19f9dc7ee6b48f88-1-scaled.png\",\"width\":2560,\"height\":771,\"caption\":\"DOCA\"},\"image\":{\"@id\":\"https:\/\/doca.es\/fr\/#\/schema\/logo\/image\/\"}}]}<\/script>\n<!-- \/ Yoast SEO plugin. -->","yoast_head_json":{"title":"Produits - DOCA","description":"Chaque collection DOCA est une exp\u00e9rience sensorielle : des mat\u00e9riaux nobles, des lignes pures et des solutions qui donnent vie \u00e0 des espaces uniques. D\u00e9couvrez nos propositions pour transformer votre maison.","robots":{"index":"index","follow":"follow","max-snippet":"max-snippet:-1","max-image-preview":"max-image-preview:large","max-video-preview":"max-video-preview:-1"},"canonical":"https:\/\/doca.es\/fr\/produits\/","og_locale":"fr_FR","og_type":"article","og_title":"Produits - DOCA","og_description":"Chaque collection DOCA est une exp\u00e9rience sensorielle : des mat\u00e9riaux nobles, des lignes pures et des solutions qui donnent vie \u00e0 des espaces uniques. D\u00e9couvrez nos propositions pour transformer votre maison.","og_url":"https:\/\/doca.es\/fr\/produits\/","og_site_name":"DOCA","article_modified_time":"2025-12-03T20:17:52+00:00","og_image":[{"url":"https:\/\/doca.es\/wp-content\/uploads\/2025\/06\/1.DOCA_CUINA-TRESILLE_FRONTAL.jpg","type":"","width":"","height":""}],"twitter_card":"summary_large_image","twitter_misc":{"Dur\u00e9e de lecture estim\u00e9e":"2 minutes"},"schema":{"@context":"https:\/\/schema.org","@graph":[{"@type":"WebPage","@id":"https:\/\/doca.es\/fr\/produits\/","url":"https:\/\/doca.es\/fr\/produits\/","name":"Produits - DOCA","isPartOf":{"@id":"https:\/\/doca.es\/fr\/#website"},"primaryImageOfPage":{"@id":"https:\/\/doca.es\/fr\/produits\/#primaryimage"},"image":{"@id":"https:\/\/doca.es\/fr\/produits\/#primaryimage"},"thumbnailUrl":"https:\/\/doca.es\/wp-content\/uploads\/2025\/06\/1.DOCA_CUINA-TRESILLE_FRONTAL.jpg","datePublished":"2025-05-29T05:39:44+00:00","dateModified":"2025-12-03T20:17:52+00:00","description":"Chaque collection DOCA est une exp\u00e9rience sensorielle : des mat\u00e9riaux nobles, des lignes pures et des solutions qui donnent vie \u00e0 des espaces uniques. D\u00e9couvrez nos propositions pour transformer votre maison.","breadcrumb":{"@id":"https:\/\/doca.es\/fr\/produits\/#breadcrumb"},"inLanguage":"fr-FR","potentialAction":[{"@type":"ReadAction","target":["https:\/\/doca.es\/fr\/produits\/"]}]},{"@type":"ImageObject","inLanguage":"fr-FR","@id":"https:\/\/doca.es\/fr\/produits\/#primaryimage","url":"https:\/\/doca.es\/wp-content\/uploads\/2025\/06\/1.DOCA_CUINA-TRESILLE_FRONTAL.jpg","contentUrl":"https:\/\/doca.es\/wp-content\/uploads\/2025\/06\/1.DOCA_CUINA-TRESILLE_FRONTAL.jpg"},{"@type":"BreadcrumbList","@id":"https:\/\/doca.es\/fr\/produits\/#breadcrumb","itemListElement":[{"@type":"ListItem","position":1,"name":"Portada","item":"https:\/\/doca.es\/fr\/"},{"@type":"ListItem","position":2,"name":"Produits"}]},{"@type":"WebSite","@id":"https:\/\/doca.es\/fr\/#website","url":"https:\/\/doca.es\/fr\/","name":"DOCA","description":"","publisher":{"@id":"https:\/\/doca.es\/fr\/#organization"},"potentialAction":[{"@type":"SearchAction","target":{"@type":"EntryPoint","urlTemplate":"https:\/\/doca.es\/fr\/?s={search_term_string}"},"query-input":{"@type":"PropertyValueSpecification","valueRequired":true,"valueName":"search_term_string"}}],"inLanguage":"fr-FR"},{"@type":"Organization","@id":"https:\/\/doca.es\/fr\/#organization","name":"DOCA","url":"https:\/\/doca.es\/fr\/","logo":{"@type":"ImageObject","inLanguage":"fr-FR","@id":"https:\/\/doca.es\/fr\/#\/schema\/logo\/image\/","url":"https:\/\/doca.es\/wp-content\/uploads\/2025\/05\/8dea829647f4d10c34600eac19f9dc7ee6b48f88-1-scaled.png","contentUrl":"https:\/\/doca.es\/wp-content\/uploads\/2025\/05\/8dea829647f4d10c34600eac19f9dc7ee6b48f88-1-scaled.png","width":2560,"height":771,"caption":"DOCA"},"image":{"@id":"https:\/\/doca.es\/fr\/#\/schema\/logo\/image\/"}}]}},"_links":{"self":[{"href":"https:\/\/doca.es\/fr\/wp-json\/wp\/v2\/pages\/3490","targetHints":{"allow":["GET"]}}],"collection":[{"href":"https:\/\/doca.es\/fr\/wp-json\/wp\/v2\/pages"}],"about":[{"href":"https:\/\/doca.es\/fr\/wp-json\/wp\/v2\/types\/page"}],"author":[{"embeddable":true,"href":"https:\/\/doca.es\/fr\/wp-json\/wp\/v2\/users\/1"}],"replies":[{"embeddable":true,"href":"https:\/\/doca.es\/fr\/wp-json\/wp\/v2\/comments?post=3490"}],"version-history":[{"count":4,"href":"https:\/\/doca.es\/fr\/wp-json\/wp\/v2\/pages\/3490\/revisions"}],"predecessor-version":[{"id":4857,"href":"https:\/\/doca.es\/fr\/wp-json\/wp\/v2\/pages\/3490\/revisions\/4857"}],"wp:attachment":[{"href":"https:\/\/doca.es\/fr\/wp-json\/wp\/v2\/media?parent=3490"}],"curies":[{"name":"wp","href":"https:\/\/api.w.org\/{rel}","templated":true}]}}