{"id":3498,"date":"2025-05-29T06:39:52","date_gmt":"2025-05-29T06:39:52","guid":{"rendered":"https:\/\/doca.es\/actualites\/"},"modified":"2025-06-25T16:05:37","modified_gmt":"2025-06-25T16:05:37","slug":"actualites","status":"publish","type":"page","link":"https:\/\/doca.es\/fr\/actualites\/","title":{"rendered":"Actualit\u00e9s"},"content":{"rendered":"\n<div class=\"gb-element-6631d794\"><\/div>\n\n\n\n<div class=\"gb-element-31410b26\">\n<div class=\"gb-element-489719b9 doca-1600\">\n<h1 class=\"gb-text gb-text-94ad47bf\">Actualit\u00e9s<\/h1>\n\n\n\n<p class=\"gb-text gb-text-62ac10f8\">Retrouvez les derni\u00e8res nouvelles du monde de DOCA<\/p>\n<\/div>\n\n\n\n<div>\n<div class=\"gb-query-4d85fa71\"><div class=\"gb-looper-725ede0e\">\n<a class=\"gb-loop-item gb-loop-item-2f7a32b4 post-5154 post type-post status-publish format-standard has-post-thumbnail hentry category-actualites\" href=\"https:\/\/doca.es\/fr\/doca-present-au-kbis-2026-aux-cotes-de-neolith-avec-sa-vision-de-la-cuisine-contemporaine\/\">\n<img loading=\"lazy\" decoding=\"async\" width=\"2560\" height=\"1315\" data-media-id=\"5143\" class=\"gb-media-6cae025d\" src=\"https:\/\/doca.es\/wp-content\/uploads\/2026\/02\/NEO-62-1256-25-scaled.jpg\" alt=\"DOCA, pr\u00e9sent au KBIS 2026 aux c\u00f4t\u00e9s de Neolith avec sa vision de la cuisine contemporaine.\" srcset=\"https:\/\/doca.es\/wp-content\/uploads\/2026\/02\/NEO-62-1256-25-scaled.jpg 2560w, https:\/\/doca.es\/wp-content\/uploads\/2026\/02\/NEO-62-1256-25-1024x526.jpg 1024w, https:\/\/doca.es\/wp-content\/uploads\/2026\/02\/NEO-62-1256-25-1536x789.jpg 1536w, https:\/\/doca.es\/wp-content\/uploads\/2026\/02\/NEO-62-1256-25-2048x1052.jpg 2048w\" sizes=\"auto, (max-width: 2560px) 100vw, 2560px\" \/>\n\n\n\n<div class=\"gb-element-ad375f8c\">\n<p class=\"gb-text gb-text-f4e16db3\">24-02-2026<\/p>\n\n\n\n<h2 class=\"gb-text gb-text-6ca25256\">DOCA, pr\u00e9sent au KBIS 2026 aux c\u00f4t\u00e9s de Neolith avec sa vision de la cuisine contemporaine.<\/h2>\n\n\n\n<p class=\"gb-text gb-text-003dac98\">Du 17 au 19 f\u00e9vrier, DOCA a particip\u00e9 avec grand succ\u00e8s au KBIS 2026; le salon le plus important en Am\u00e9rique du Nord d\u00e9di\u00e9 [&hellip;]<\/p>\n<\/div>\n<\/a>\n\n<a class=\"gb-loop-item gb-loop-item-2f7a32b4 post-4900 post type-post status-publish format-standard has-post-thumbnail hentry category-actualites\" href=\"https:\/\/doca.es\/fr\/afterwork-doca-jazz-design\/\">\n<img loading=\"lazy\" decoding=\"async\" width=\"2560\" height=\"1707\" data-media-id=\"4906\" class=\"gb-media-6cae025d\" src=\"https:\/\/doca.es\/wp-content\/uploads\/2025\/12\/MR.POP_DOCA_0084-scaled.jpg\" alt=\"Afterwork Doca: Jazz &amp;amp; Design\" srcset=\"https:\/\/doca.es\/wp-content\/uploads\/2025\/12\/MR.POP_DOCA_0084-scaled.jpg 2560w, https:\/\/doca.es\/wp-content\/uploads\/2025\/12\/MR.POP_DOCA_0084-1024x683.jpg 1024w, https:\/\/doca.es\/wp-content\/uploads\/2025\/12\/MR.POP_DOCA_0084-1536x1024.jpg 1536w, https:\/\/doca.es\/wp-content\/uploads\/2025\/12\/MR.POP_DOCA_0084-2048x1365.jpg 2048w\" sizes=\"auto, (max-width: 2560px) 100vw, 2560px\" \/>\n\n\n\n<div class=\"gb-element-ad375f8c\">\n<p class=\"gb-text gb-text-f4e16db3\">02-12-2025<\/p>\n\n\n\n<h2 class=\"gb-text gb-text-6ca25256\">Afterwork Doca: Jazz &amp; Design<\/h2>\n\n\n\n<p class=\"gb-text gb-text-003dac98\">Le mercredi 26 novembre dernier nous avons organis\u00e9, dans le Showroom DOCA de Madrid une rencontre tr\u00e8s sp\u00e9ciale avec des professionnels du secteur, une [&hellip;]<\/p>\n<\/div>\n<\/a>\n\n<a class=\"gb-loop-item gb-loop-item-2f7a32b4 post-4768 post type-post status-publish format-standard has-post-thumbnail hentry category-actualites\" href=\"https:\/\/doca.es\/fr\/doca-gagne-le-premier-prix-nkba-2025-dans-la-categorie-cuisine-contemporaine\/\">\n<img loading=\"lazy\" decoding=\"async\" width=\"2560\" height=\"1818\" data-media-id=\"4751\" class=\"gb-media-6cae025d\" src=\"https:\/\/doca.es\/wp-content\/uploads\/2025\/10\/12-Andiamo_9F0A9345F-2-1-scaled.jpg\" alt=\"DOCA gagne le premier prix NKBA 2025 dans la cat\u00e9gorie Cuisine Contemporaine\" srcset=\"https:\/\/doca.es\/wp-content\/uploads\/2025\/10\/12-Andiamo_9F0A9345F-2-1-scaled.jpg 2560w, https:\/\/doca.es\/wp-content\/uploads\/2025\/10\/12-Andiamo_9F0A9345F-2-1-1024x727.jpg 1024w, https:\/\/doca.es\/wp-content\/uploads\/2025\/10\/12-Andiamo_9F0A9345F-2-1-1536x1091.jpg 1536w, https:\/\/doca.es\/wp-content\/uploads\/2025\/10\/12-Andiamo_9F0A9345F-2-1-2048x1454.jpg 2048w\" sizes=\"auto, (max-width: 2560px) 100vw, 2560px\" \/>\n\n\n\n<div class=\"gb-element-ad375f8c\">\n<p class=\"gb-text gb-text-f4e16db3\">04-11-2025<\/p>\n\n\n\n<h2 class=\"gb-text gb-text-6ca25256\">DOCA gagne le premier prix NKBA 2025 dans la cat\u00e9gorie Cuisine Contemporaine<\/h2>\n\n\n\n<p class=\"gb-text gb-text-003dac98\">Chez DOCA, nous sommes reconnaissants et fiers d\u2019avoir remport\u00e9 le premier prix dans la cat\u00e9gorie Cuisine Contemporaine, aux c\u00f4t\u00e9s de l\u2019\u00e9quipe de Luxe Design, [&hellip;]<\/p>\n<\/div>\n<\/a>\n\n<a class=\"gb-loop-item gb-loop-item-2f7a32b4 post-4547 post type-post status-publish format-standard has-post-thumbnail hentry category-actualites\" href=\"https:\/\/doca.es\/fr\/doca-est-b-corp-un-design-utile-un-impact-significatif\/\">\n<img loading=\"lazy\" decoding=\"async\" width=\"2560\" height=\"1608\" data-media-id=\"4527\" class=\"gb-media-6cae025d\" src=\"https:\/\/doca.es\/wp-content\/uploads\/2025\/10\/portada-blog-4-scaled.jpg\" alt=\"Doca est B Corp : un design utile, un impact significatif\" srcset=\"https:\/\/doca.es\/wp-content\/uploads\/2025\/10\/portada-blog-4-scaled.jpg 2560w, https:\/\/doca.es\/wp-content\/uploads\/2025\/10\/portada-blog-4-1024x643.jpg 1024w, https:\/\/doca.es\/wp-content\/uploads\/2025\/10\/portada-blog-4-1536x965.jpg 1536w, https:\/\/doca.es\/wp-content\/uploads\/2025\/10\/portada-blog-4-2048x1286.jpg 2048w\" sizes=\"auto, (max-width: 2560px) 100vw, 2560px\" \/>\n\n\n\n<div class=\"gb-element-ad375f8c\">\n<p class=\"gb-text gb-text-f4e16db3\">06-10-2025<\/p>\n\n\n\n<h2 class=\"gb-text gb-text-6ca25256\">Doca est B Corp : un design utile, un impact significatif<\/h2>\n\n\n\n<p class=\"gb-text gb-text-003dac98\">Chez Doca, nous allons encore plus loin dans notre engagement en faveur du d\u00e9veloppement durable, de l\u2019excellence et de l\u2019impact positif : nous faisons [&hellip;]<\/p>\n<\/div>\n<\/a>\n\n<a class=\"gb-loop-item gb-loop-item-2f7a32b4 post-4131 post type-post status-publish format-standard has-post-thumbnail hentry category-actualites\" href=\"https:\/\/doca.es\/fr\/doca-present-a-la-grande-fete-de-room-diseno\/\">\n<img loading=\"lazy\" decoding=\"async\" width=\"1360\" height=\"583\" data-media-id=\"4123\" class=\"gb-media-6cae025d\" src=\"https:\/\/doca.es\/wp-content\/uploads\/2025\/07\/Ganadores_premios_Room-20251-tallada-2.jpg\" alt=\"Doca pr\u00e9sent \u00e0 la grande f\u00eate de ROOM Dise\u00f1o\" srcset=\"https:\/\/doca.es\/wp-content\/uploads\/2025\/07\/Ganadores_premios_Room-20251-tallada-2.jpg 1360w, https:\/\/doca.es\/wp-content\/uploads\/2025\/07\/Ganadores_premios_Room-20251-tallada-2-1024x439.jpg 1024w\" sizes=\"auto, (max-width: 1360px) 100vw, 1360px\" \/>\n\n\n\n<div class=\"gb-element-ad375f8c\">\n<p class=\"gb-text gb-text-f4e16db3\">18-07-2025<\/p>\n\n\n\n<h2 class=\"gb-text gb-text-6ca25256\">Doca pr\u00e9sent \u00e0 la grande f\u00eate de ROOM Dise\u00f1o<\/h2>\n\n\n\n<p class=\"gb-text gb-text-003dac98\">Le magazine ROOM Dise\u00f1o a organis\u00e9 une soir\u00e9e tr\u00e8s sp\u00e9ciale afin de r\u00e9compenser les professionnels les plus originaux et inspirants du monde du monde [&hellip;]<\/p>\n<\/div>\n<\/a>\n\n<a class=\"gb-loop-item gb-loop-item-2f7a32b4 post-3467 post type-post status-publish format-standard has-post-thumbnail hentry category-actualites\" href=\"https:\/\/doca.es\/fr\/les-tendances-des-cuisines-de-luxe-qui-transcendent-le-temps\/\">\n<img loading=\"lazy\" decoding=\"async\" width=\"1500\" height=\"996\" data-media-id=\"3083\" class=\"gb-media-6cae025d\" src=\"https:\/\/doca.es\/wp-content\/uploads\/2025\/05\/3.-nuevas-tendencias_.jpg\" alt=\"Les tendances des cuisines de luxe qui transcendent le temps\" srcset=\"https:\/\/doca.es\/wp-content\/uploads\/2025\/05\/3.-nuevas-tendencias_.jpg 1500w, https:\/\/doca.es\/wp-content\/uploads\/2025\/05\/3.-nuevas-tendencias_-1024x680.jpg 1024w\" sizes=\"auto, (max-width: 1500px) 100vw, 1500px\" \/>\n\n\n\n<div class=\"gb-element-ad375f8c\">\n<p class=\"gb-text gb-text-f4e16db3\">16-06-2025<\/p>\n\n\n\n<h2 class=\"gb-text gb-text-6ca25256\">Les tendances des cuisines de luxe qui transcendent le temps<\/h2>\n\n\n\n<p class=\"gb-text gb-text-003dac98\">Dans la conception r\u00e9sidentielle haut de gamme, la cuisine a \u00e9volu\u00e9 pour devenir le c\u0153ur esth\u00e9tique et fonctionnel de la maison. Pour les architectes [&hellip;]<\/p>\n<\/div>\n<\/a>\n\n<a class=\"gb-loop-item gb-loop-item-2f7a32b4 post-3459 post type-post status-publish format-standard has-post-thumbnail hentry category-actualites\" href=\"https:\/\/doca.es\/fr\/doca-ouvre-une-nouvelle-boutique-a-chiclana-design-sur-mesure-et-exclusivite-pour-la-maison\/\">\n<img loading=\"lazy\" decoding=\"async\" width=\"2294\" height=\"2560\" data-media-id=\"3145\" class=\"gb-media-6cae025d\" src=\"https:\/\/doca.es\/wp-content\/uploads\/2025\/06\/MAYO-1-2025-scaled.jpg\" alt=\"DOCA ouvre une nouvelle boutique \u00e0 Chiclana : design sur mesure et exclusivit\u00e9 pour la maison\" srcset=\"https:\/\/doca.es\/wp-content\/uploads\/2025\/06\/MAYO-1-2025-scaled.jpg 2294w, https:\/\/doca.es\/wp-content\/uploads\/2025\/06\/MAYO-1-2025-269x300.jpg 269w, https:\/\/doca.es\/wp-content\/uploads\/2025\/06\/MAYO-1-2025-918x1024.jpg 918w, https:\/\/doca.es\/wp-content\/uploads\/2025\/06\/MAYO-1-2025-1377x1536.jpg 1377w, https:\/\/doca.es\/wp-content\/uploads\/2025\/06\/MAYO-1-2025-1835x2048.jpg 1835w\" sizes=\"auto, (max-width: 2294px) 100vw, 2294px\" \/>\n\n\n\n<div class=\"gb-element-ad375f8c\">\n<p class=\"gb-text gb-text-f4e16db3\">05-05-2025<\/p>\n\n\n\n<h2 class=\"gb-text gb-text-6ca25256\">DOCA ouvre une nouvelle boutique \u00e0 Chiclana : design sur mesure et exclusivit\u00e9 pour la maison<\/h2>\n\n\n\n<p class=\"gb-text gb-text-003dac98\">L&rsquo;entreprise de mobilier technique et de design sur mesure DOCA a ouvert un nouveau showroom \u00e0 Chiclana de la Frontera, situ\u00e9 Avenida de los [&hellip;]<\/p>\n<\/div>\n<\/a>\n\n<a class=\"gb-loop-item gb-loop-item-2f7a32b4 post-3470 post type-post status-publish format-standard has-post-thumbnail hentry category-actualites\" href=\"https:\/\/doca.es\/fr\/cuisines-contemporaines-de-luxe-technologie-et-materiaux-nobles-dans-des-projets-exclusifs\/\">\n<img loading=\"lazy\" decoding=\"async\" width=\"2500\" height=\"1667\" data-media-id=\"3081\" class=\"gb-media-6cae025d\" src=\"https:\/\/doca.es\/wp-content\/uploads\/2025\/05\/2.-cocina-lujo.jpg\" alt=\"Cuisines contemporaines de luxe : technologie et mat\u00e9riaux nobles dans des projets exclusifs.\" srcset=\"https:\/\/doca.es\/wp-content\/uploads\/2025\/05\/2.-cocina-lujo.jpg 2500w, https:\/\/doca.es\/wp-content\/uploads\/2025\/05\/2.-cocina-lujo-1024x683.jpg 1024w, https:\/\/doca.es\/wp-content\/uploads\/2025\/05\/2.-cocina-lujo-1536x1024.jpg 1536w, https:\/\/doca.es\/wp-content\/uploads\/2025\/05\/2.-cocina-lujo-2048x1366.jpg 2048w\" sizes=\"auto, (max-width: 2500px) 100vw, 2500px\" \/>\n\n\n\n<div class=\"gb-element-ad375f8c\">\n<p class=\"gb-text gb-text-f4e16db3\">15-04-2025<\/p>\n\n\n\n<h2 class=\"gb-text gb-text-6ca25256\">Cuisines contemporaines de luxe : technologie et mat\u00e9riaux nobles dans des projets exclusifs.<\/h2>\n\n\n\n<p class=\"gb-text gb-text-003dac98\">Dans la d\u00e9coration int\u00e9rieure de luxe, la cuisine transcende sa fonction traditionnelle pour devenir le c\u0153ur de la maison : un espace o\u00f9 l&rsquo;architecture, [&hellip;]<\/p>\n<\/div>\n<\/a>\n\n<a class=\"gb-loop-item gb-loop-item-2f7a32b4 post-3462 post type-post status-publish format-standard has-post-thumbnail hentry category-actualites\" href=\"https:\/\/doca.es\/fr\/doca-ouvre-un-showroom-de-cuisines-de-luxe-au-kansas-avec-mp360\/\">\n<img loading=\"lazy\" decoding=\"async\" width=\"2500\" height=\"1667\" data-media-id=\"3153\" class=\"gb-media-6cae025d\" src=\"https:\/\/doca.es\/wp-content\/uploads\/2025\/06\/MARZ-1-2025.jpg\" alt=\"DOCA ouvre un showroom de cuisines de luxe au Kansas avec MP360\" srcset=\"https:\/\/doca.es\/wp-content\/uploads\/2025\/06\/MARZ-1-2025.jpg 2500w, https:\/\/doca.es\/wp-content\/uploads\/2025\/06\/MARZ-1-2025-1024x683.jpg 1024w, https:\/\/doca.es\/wp-content\/uploads\/2025\/06\/MARZ-1-2025-1536x1024.jpg 1536w, https:\/\/doca.es\/wp-content\/uploads\/2025\/06\/MARZ-1-2025-2048x1366.jpg 2048w\" sizes=\"auto, (max-width: 2500px) 100vw, 2500px\" \/>\n\n\n\n<div class=\"gb-element-ad375f8c\">\n<p class=\"gb-text gb-text-f4e16db3\">05-03-2025<\/p>\n\n\n\n<h2 class=\"gb-text gb-text-6ca25256\">DOCA ouvre un showroom de cuisines de luxe au Kansas avec MP360<\/h2>\n\n\n\n<p class=\"gb-text gb-text-003dac98\">DOCA poursuit son expansion aux Etats-Unis avec l&rsquo;ouverture d&rsquo;un nouveau showroom \u00e0 Olathe, Kansas, en partenariat avec MP360. L&rsquo;espace, situ\u00e9 au 15080 W 116th [&hellip;]<\/p>\n<\/div>\n<\/a>\n\n<a class=\"gb-loop-item gb-loop-item-2f7a32b4 post-3480 post type-post status-publish format-standard has-post-thumbnail hentry category-actualites\" href=\"https:\/\/doca.es\/fr\/doca-et-neolith-sassocient-au-kbis-2025-pour-presenter-la-cuisine-du-futur\/\">\n<img loading=\"lazy\" decoding=\"async\" width=\"1920\" height=\"1280\" data-media-id=\"3169\" class=\"gb-media-6cae025d\" src=\"https:\/\/doca.es\/wp-content\/uploads\/2025\/02\/FEBRERO-1-2025_1920_2.jpg\" alt=\"DOCA et Neolith s\u2019associent au KBIS 2025 pour pr\u00e9senter la cuisine du futur\" srcset=\"https:\/\/doca.es\/wp-content\/uploads\/2025\/02\/FEBRERO-1-2025_1920_2.jpg 1920w, https:\/\/doca.es\/wp-content\/uploads\/2025\/02\/FEBRERO-1-2025_1920_2-1024x683.jpg 1024w, https:\/\/doca.es\/wp-content\/uploads\/2025\/02\/FEBRERO-1-2025_1920_2-1536x1024.jpg 1536w\" sizes=\"auto, (max-width: 1920px) 100vw, 1920px\" \/>\n\n\n\n<div class=\"gb-element-ad375f8c\">\n<p class=\"gb-text gb-text-f4e16db3\">25-02-2025<\/p>\n\n\n\n<h2 class=\"gb-text gb-text-6ca25256\">DOCA et Neolith s&rsquo;associent au KBIS 2025 pour pr\u00e9senter la cuisine du futur<\/h2>\n\n\n\n<p class=\"gb-text gb-text-003dac98\">Du 25 au 27 f\u00e9vrier, DOCA sera pr\u00e9sent au KBIS 2025, le salon de r\u00e9f\u00e9rence pour la conception de cuisines et de salles de [&hellip;]<\/p>\n<\/div>\n<\/a>\n<\/div>\n\n\n<div class=\"gb-element-c58c7322 gb-query-loop-pagination\">\n\n<nav class=\"gb-query-page-numbers-26c8a098\"><span aria-current=\"page\" class=\"page-numbers current\">1<\/span>\n<a class=\"page-numbers\" href=\"?query-4d85fa71-page=2\">2<\/a><\/nav>\n\n\n<a class=\"gb-text gb-text-9bf7f857\" href=\"\/fr\/wp-json\/wp\/v2\/pages\/3498?query-4d85fa71-page=2\">Suivant<\/a>\n<\/div>\n\n\n<\/div>\n<\/div>\n<\/div>\n\n\n\n<div class=\"gb-element-77b4e85b\">\n<div class=\"gb-element-5ed26609\">\n<p class=\"gb-text gb-text-cffd9e81\">Le Design<br><em>D&rsquo;Exception<\/em> a un nom<\/p>\n\n\n\n<img loading=\"lazy\" decoding=\"async\" width=\"2560\" height=\"771\" class=\"gb-media-6303f5f0\" alt=\"\" src=\"https:\/\/doca.es\/wp-content\/uploads\/2025\/05\/8dea829647f4d10c34600eac19f9dc7ee6b48f88-1-scaled.png\" title=\"8dea829647f4d10c34600eac19f9dc7ee6b48f88 (1)\" srcset=\"https:\/\/doca.es\/wp-content\/uploads\/2025\/05\/8dea829647f4d10c34600eac19f9dc7ee6b48f88-1-scaled.png 2560w, https:\/\/doca.es\/wp-content\/uploads\/2025\/05\/8dea829647f4d10c34600eac19f9dc7ee6b48f88-1-1024x309.png 1024w, https:\/\/doca.es\/wp-content\/uploads\/2025\/05\/8dea829647f4d10c34600eac19f9dc7ee6b48f88-1-1536x463.png 1536w, https:\/\/doca.es\/wp-content\/uploads\/2025\/05\/8dea829647f4d10c34600eac19f9dc7ee6b48f88-1-2048x617.png 2048w\" sizes=\"auto, (max-width: 2560px) 100vw, 2560px\" \/>\n\n\n\n<p class=\"gb-text gb-text-d271eda2\">\u00c9changeons et imaginons ensemble ce que nous pourrions cr\u00e9er<\/p>\n\n\n\n<div class=\"gb-element-e47fe3c4\">\n<a class=\"gb-text gb-text-82d935e0 btn-doca\" href=\"https:\/\/doca.es\/fr\/contacter\/\">Contact<\/a>\n<\/div>\n<\/div>\n<\/div>\n","protected":false},"excerpt":{"rendered":"<p>Actualit\u00e9s Retrouvez les derni\u00e8res nouvelles du monde de DOCA<\/p>\n","protected":false},"author":1,"featured_media":0,"parent":0,"menu_order":0,"comment_status":"closed","ping_status":"closed","template":"","meta":{"footnotes":""},"class_list":["post-3498","page","type-page","status-publish","hentry"],"yoast_head":"<!-- This site is optimized with the Yoast SEO plugin v26.3 - https:\/\/yoast.com\/wordpress\/plugins\/seo\/ -->\n<title>Actualit\u00e9s - DOCA<\/title>\n<meta name=\"description\" content=\"D\u00e9couvrez les derni\u00e8res nouvelles de DOCA : lancements, collaborations, projets internationaux et tendances en mati\u00e8re de mobilier design contemporain. Tout ce qui fait l&#039;univers de DOCA, en un seul endroit.\" \/>\n<meta name=\"robots\" content=\"index, follow, max-snippet:-1, max-image-preview:large, max-video-preview:-1\" \/>\n<link rel=\"canonical\" href=\"https:\/\/doca.es\/fr\/actualites\/\" \/>\n<meta property=\"og:locale\" content=\"fr_FR\" \/>\n<meta property=\"og:type\" content=\"article\" \/>\n<meta property=\"og:title\" content=\"Actualit\u00e9s - DOCA\" \/>\n<meta property=\"og:description\" content=\"D\u00e9couvrez les derni\u00e8res nouvelles de DOCA : lancements, collaborations, projets internationaux et tendances en mati\u00e8re de mobilier design contemporain. Tout ce qui fait l&#039;univers de DOCA, en un seul endroit.\" \/>\n<meta property=\"og:url\" content=\"https:\/\/doca.es\/fr\/actualites\/\" \/>\n<meta property=\"og:site_name\" content=\"DOCA\" \/>\n<meta property=\"article:modified_time\" content=\"2025-06-25T16:05:37+00:00\" \/>\n<meta name=\"twitter:card\" content=\"summary_large_image\" \/>\n<meta name=\"twitter:label1\" content=\"Dur\u00e9e de lecture estim\u00e9e\" \/>\n\t<meta name=\"twitter:data1\" content=\"1 minute\" \/>\n<script type=\"application\/ld+json\" class=\"yoast-schema-graph\">{\"@context\":\"https:\/\/schema.org\",\"@graph\":[{\"@type\":\"WebPage\",\"@id\":\"https:\/\/doca.es\/fr\/actualites\/\",\"url\":\"https:\/\/doca.es\/fr\/actualites\/\",\"name\":\"Actualit\u00e9s - DOCA\",\"isPartOf\":{\"@id\":\"https:\/\/doca.es\/fr\/#website\"},\"datePublished\":\"2025-05-29T06:39:52+00:00\",\"dateModified\":\"2025-06-25T16:05:37+00:00\",\"description\":\"D\u00e9couvrez les derni\u00e8res nouvelles de DOCA : lancements, collaborations, projets internationaux et tendances en mati\u00e8re de mobilier design contemporain. Tout ce qui fait l'univers de DOCA, en un seul endroit.\",\"breadcrumb\":{\"@id\":\"https:\/\/doca.es\/fr\/actualites\/#breadcrumb\"},\"inLanguage\":\"fr-FR\",\"potentialAction\":[{\"@type\":\"ReadAction\",\"target\":[\"https:\/\/doca.es\/fr\/actualites\/\"]}]},{\"@type\":\"BreadcrumbList\",\"@id\":\"https:\/\/doca.es\/fr\/actualites\/#breadcrumb\",\"itemListElement\":[{\"@type\":\"ListItem\",\"position\":1,\"name\":\"Portada\",\"item\":\"https:\/\/doca.es\/fr\/\"},{\"@type\":\"ListItem\",\"position\":2,\"name\":\"Actualit\u00e9s\"}]},{\"@type\":\"WebSite\",\"@id\":\"https:\/\/doca.es\/fr\/#website\",\"url\":\"https:\/\/doca.es\/fr\/\",\"name\":\"DOCA\",\"description\":\"\",\"publisher\":{\"@id\":\"https:\/\/doca.es\/fr\/#organization\"},\"potentialAction\":[{\"@type\":\"SearchAction\",\"target\":{\"@type\":\"EntryPoint\",\"urlTemplate\":\"https:\/\/doca.es\/fr\/?s={search_term_string}\"},\"query-input\":{\"@type\":\"PropertyValueSpecification\",\"valueRequired\":true,\"valueName\":\"search_term_string\"}}],\"inLanguage\":\"fr-FR\"},{\"@type\":\"Organization\",\"@id\":\"https:\/\/doca.es\/fr\/#organization\",\"name\":\"DOCA\",\"url\":\"https:\/\/doca.es\/fr\/\",\"logo\":{\"@type\":\"ImageObject\",\"inLanguage\":\"fr-FR\",\"@id\":\"https:\/\/doca.es\/fr\/#\/schema\/logo\/image\/\",\"url\":\"https:\/\/doca.es\/wp-content\/uploads\/2025\/05\/8dea829647f4d10c34600eac19f9dc7ee6b48f88-1-scaled.png\",\"contentUrl\":\"https:\/\/doca.es\/wp-content\/uploads\/2025\/05\/8dea829647f4d10c34600eac19f9dc7ee6b48f88-1-scaled.png\",\"width\":2560,\"height\":771,\"caption\":\"DOCA\"},\"image\":{\"@id\":\"https:\/\/doca.es\/fr\/#\/schema\/logo\/image\/\"}}]}<\/script>\n<!-- \/ Yoast SEO plugin. -->","yoast_head_json":{"title":"Actualit\u00e9s - DOCA","description":"D\u00e9couvrez les derni\u00e8res nouvelles de DOCA : lancements, collaborations, projets internationaux et tendances en mati\u00e8re de mobilier design contemporain. Tout ce qui fait l'univers de DOCA, en un seul endroit.","robots":{"index":"index","follow":"follow","max-snippet":"max-snippet:-1","max-image-preview":"max-image-preview:large","max-video-preview":"max-video-preview:-1"},"canonical":"https:\/\/doca.es\/fr\/actualites\/","og_locale":"fr_FR","og_type":"article","og_title":"Actualit\u00e9s - DOCA","og_description":"D\u00e9couvrez les derni\u00e8res nouvelles de DOCA : lancements, collaborations, projets internationaux et tendances en mati\u00e8re de mobilier design contemporain. Tout ce qui fait l'univers de DOCA, en un seul endroit.","og_url":"https:\/\/doca.es\/fr\/actualites\/","og_site_name":"DOCA","article_modified_time":"2025-06-25T16:05:37+00:00","twitter_card":"summary_large_image","twitter_misc":{"Dur\u00e9e de lecture estim\u00e9e":"1 minute"},"schema":{"@context":"https:\/\/schema.org","@graph":[{"@type":"WebPage","@id":"https:\/\/doca.es\/fr\/actualites\/","url":"https:\/\/doca.es\/fr\/actualites\/","name":"Actualit\u00e9s - DOCA","isPartOf":{"@id":"https:\/\/doca.es\/fr\/#website"},"datePublished":"2025-05-29T06:39:52+00:00","dateModified":"2025-06-25T16:05:37+00:00","description":"D\u00e9couvrez les derni\u00e8res nouvelles de DOCA : lancements, collaborations, projets internationaux et tendances en mati\u00e8re de mobilier design contemporain. Tout ce qui fait l'univers de DOCA, en un seul endroit.","breadcrumb":{"@id":"https:\/\/doca.es\/fr\/actualites\/#breadcrumb"},"inLanguage":"fr-FR","potentialAction":[{"@type":"ReadAction","target":["https:\/\/doca.es\/fr\/actualites\/"]}]},{"@type":"BreadcrumbList","@id":"https:\/\/doca.es\/fr\/actualites\/#breadcrumb","itemListElement":[{"@type":"ListItem","position":1,"name":"Portada","item":"https:\/\/doca.es\/fr\/"},{"@type":"ListItem","position":2,"name":"Actualit\u00e9s"}]},{"@type":"WebSite","@id":"https:\/\/doca.es\/fr\/#website","url":"https:\/\/doca.es\/fr\/","name":"DOCA","description":"","publisher":{"@id":"https:\/\/doca.es\/fr\/#organization"},"potentialAction":[{"@type":"SearchAction","target":{"@type":"EntryPoint","urlTemplate":"https:\/\/doca.es\/fr\/?s={search_term_string}"},"query-input":{"@type":"PropertyValueSpecification","valueRequired":true,"valueName":"search_term_string"}}],"inLanguage":"fr-FR"},{"@type":"Organization","@id":"https:\/\/doca.es\/fr\/#organization","name":"DOCA","url":"https:\/\/doca.es\/fr\/","logo":{"@type":"ImageObject","inLanguage":"fr-FR","@id":"https:\/\/doca.es\/fr\/#\/schema\/logo\/image\/","url":"https:\/\/doca.es\/wp-content\/uploads\/2025\/05\/8dea829647f4d10c34600eac19f9dc7ee6b48f88-1-scaled.png","contentUrl":"https:\/\/doca.es\/wp-content\/uploads\/2025\/05\/8dea829647f4d10c34600eac19f9dc7ee6b48f88-1-scaled.png","width":2560,"height":771,"caption":"DOCA"},"image":{"@id":"https:\/\/doca.es\/fr\/#\/schema\/logo\/image\/"}}]}},"_links":{"self":[{"href":"https:\/\/doca.es\/fr\/wp-json\/wp\/v2\/pages\/3498","targetHints":{"allow":["GET"]}}],"collection":[{"href":"https:\/\/doca.es\/fr\/wp-json\/wp\/v2\/pages"}],"about":[{"href":"https:\/\/doca.es\/fr\/wp-json\/wp\/v2\/types\/page"}],"author":[{"embeddable":true,"href":"https:\/\/doca.es\/fr\/wp-json\/wp\/v2\/users\/1"}],"replies":[{"embeddable":true,"href":"https:\/\/doca.es\/fr\/wp-json\/wp\/v2\/comments?post=3498"}],"version-history":[{"count":2,"href":"https:\/\/doca.es\/fr\/wp-json\/wp\/v2\/pages\/3498\/revisions"}],"predecessor-version":[{"id":3775,"href":"https:\/\/doca.es\/fr\/wp-json\/wp\/v2\/pages\/3498\/revisions\/3775"}],"wp:attachment":[{"href":"https:\/\/doca.es\/fr\/wp-json\/wp\/v2\/media?parent=3498"}],"curies":[{"name":"wp","href":"https:\/\/api.w.org\/{rel}","templated":true}]}}