{"id":3526,"date":"2025-05-28T04:11:24","date_gmt":"2025-05-28T04:11:24","guid":{"rendered":"https:\/\/doca.es\/notre-identite\/"},"modified":"2025-06-25T10:53:06","modified_gmt":"2025-06-25T10:53:06","slug":"notre-identite","status":"publish","type":"page","link":"https:\/\/doca.es\/fr\/notre-identite\/","title":{"rendered":"NOTRE IDENTITE"},"content":{"rendered":"\n<div>\n<div class=\"gb-element-01474f0a\">\n<div class=\"gb-element-677f3229\">\n<img loading=\"lazy\" decoding=\"async\" width=\"2560\" height=\"1295\" class=\"gb-media-d0e25734\" alt=\"\" src=\"https:\/\/doca.es\/wp-content\/uploads\/2025\/05\/8aacb3d555a091346da8f1f5f60b1d5e702c2da6-scaled.jpg\" title=\"8aacb3d555a091346da8f1f5f60b1d5e702c2da6\" srcset=\"https:\/\/doca.es\/wp-content\/uploads\/2025\/05\/8aacb3d555a091346da8f1f5f60b1d5e702c2da6-scaled.jpg 2560w, https:\/\/doca.es\/wp-content\/uploads\/2025\/05\/8aacb3d555a091346da8f1f5f60b1d5e702c2da6-1024x518.jpg 1024w, https:\/\/doca.es\/wp-content\/uploads\/2025\/05\/8aacb3d555a091346da8f1f5f60b1d5e702c2da6-1536x777.jpg 1536w, https:\/\/doca.es\/wp-content\/uploads\/2025\/05\/8aacb3d555a091346da8f1f5f60b1d5e702c2da6-2048x1036.jpg 2048w\" sizes=\"auto, (max-width: 2560px) 100vw, 2560px\" \/>\n\n\n\n<div class=\"gb-element-c034b3b0\"><\/div>\n<\/div>\n\n\n\n<div class=\"wp-block-group has-global-padding is-layout-constrained wp-container-core-group-is-layout-4383d167 wp-block-group-is-layout-constrained\">\n<h1 class=\"gb-text gb-text-5a36e226\">DOCA : QUAND LE DESIGN ATTEINT L\u2019EXCELLENCE.<\/h1>\n<\/div>\n\n\n\n<p class=\"gb-text gb-text-9d6f5091\">Chez DOCA, chaque projet signe une d\u00e9claration de style, de rigueur et d\u2019audace. Nous sommes n\u00e9s avec une id\u00e9e claire : transformer les espaces du quotidien en environnements d\u2019exception Plus de quarante ans plus tard, nous restons fid\u00e8les \u00e0 cette vision, avec une proposition esth\u00e9tique qui d\u00e9fie les conventions et sublime l\u2019exp\u00e9rience domestique.<\/p>\n\n\n\n<p class=\"gb-text gb-text-eb8bc69f\">Notre \u00e9quipe conjugue vision, savoir-faire technique et sensibilit\u00e9 pour mat\u00e9rialiser des projets qui refl\u00e8tent des styles de vie uniques. Nous croyons \u00e0 l&rsquo;\u00e9volution constante et \u00e0 la conception pour ceux qui appr\u00e9cient l&rsquo;exceptionnel dans chaque d\u00e9tail.<\/p>\n<\/div>\n<\/div>\n\n<div>\n<div class=\"gb-element-f172c723\">\n<div class=\"gb-element-38e51216\">\n<div class=\"gb-element-44e1ce5c\">\n<img loading=\"lazy\" decoding=\"async\" width=\"1920\" height=\"2560\" class=\"gb-media-d310b3e8\" alt=\"\" src=\"https:\/\/doca.es\/wp-content\/uploads\/2025\/05\/e5acbbec70bcc83451c4232b063e9583556f2ffd-scaled.jpg\" title=\"e5acbbec70bcc83451c4232b063e9583556f2ffd\" srcset=\"https:\/\/doca.es\/wp-content\/uploads\/2025\/05\/e5acbbec70bcc83451c4232b063e9583556f2ffd-scaled.jpg 1920w, https:\/\/doca.es\/wp-content\/uploads\/2025\/05\/e5acbbec70bcc83451c4232b063e9583556f2ffd-225x300.jpg 225w, https:\/\/doca.es\/wp-content\/uploads\/2025\/05\/e5acbbec70bcc83451c4232b063e9583556f2ffd-1152x1536.jpg 1152w, https:\/\/doca.es\/wp-content\/uploads\/2025\/05\/e5acbbec70bcc83451c4232b063e9583556f2ffd-1536x2048.jpg 1536w\" sizes=\"auto, (max-width: 1920px) 100vw, 1920px\" \/>\n\n\n\n<div class=\"gb-element-e6e3acad\"><\/div>\n<\/div>\n\n\n\n<div class=\"gb-element-172db4f9\">\n<h2 class=\"gb-text gb-text-ad31aecb\">PHILOSOPHIE DOCA<\/h2>\n\n\n\n<p class=\"gb-text gb-text-7bb5c810\">DOCA est n\u00e9e \u00e0 Vinar\u00f2s avec une mission qui reste vivante plus de quarante ans plus tard : offrir une proposition de mobilier contemporain, sophistiqu\u00e9e et adaptable \u00e0 chaque style de vie. Nous concevons sans formules toutes faites, pour des personnes qui consid\u00e8rent l\u2019esth\u00e9tique comme une forme d\u2019expression.<\/p>\n\n\n\n<p class=\"gb-text gb-text-439cd9cd\">Nous explorons des mat\u00e9riaux nobles et des solutions innovantes pour fa\u00e7onner des espaces qui suscitent des \u00e9motions. De la chaleur du noyer ou du ch\u00eane \u00e0 la puret\u00e9 du verre, de la laque ou de l\u2019acier : chaque choix vise un \u00e9quilibre visuel et sensoriel. Chez DOCA, tout est mis au service d\u2019une id\u00e9e : cr\u00e9er des environnements durables, qui \u00e9voluent avec ceux qui les habitent.<\/p>\n<\/div>\n<\/div>\n<\/div>\n<\/div>\n\n<div>\n<div class=\"gb-element-927c7687\">\n<div class=\"gb-element-0efeecec\">\n<div class=\"gb-element-3e488e2c\">\n<div class=\"gb-element-b0b2125b\"><\/div>\n\n\n\n<div class=\"gb-element-9c4e785a\">\n<h2 class=\"gb-text gb-text-fdd02f92\">QUALIT\u00c9 DOCA<\/h2>\n\n\n\n<div>\n<p class=\"gb-text gb-text-ff87904e\">La qualit\u00e9 est le fil conducteur de tout ce que nous faisons. Nous s\u00e9lectionnons soigneusement les mat\u00e9riaux, soignons chaque finition et concevons avec un engagement clair : offrir des meubles durables, durables et empreints de caract\u00e8re.<\/p>\n<\/div>\n\n\n\n<p class=\"gb-text gb-text-6c55d223\">DOCA est pr\u00e9sente dans les foyers et projets les plus exigeants d\u2019Europe et d\u2019Am\u00e9rique. Un parcours international qui t\u00e9moigne de notre capacit\u00e9 d\u2019adaptation, de notre vision globale et de la confiance que nous accordent des clients en qu\u00eate d\u2019excellence sans compromis.<\/p>\n<\/div>\n\n\n\n<div class=\"gb-element-13d3fcdb\"><\/div>\n<\/div>\n\n\n\n<div class=\"gb-element-b6cea0c2\">\n<img loading=\"lazy\" decoding=\"async\" width=\"1708\" height=\"2560\" class=\"gb-media-743079eb\" alt=\"\" src=\"https:\/\/doca.es\/wp-content\/uploads\/2025\/06\/a6b4e5947480d3db152a98c9a7987a7d89722cda-scaled.jpg\" title=\"a6b4e5947480d3db152a98c9a7987a7d89722cda\" srcset=\"https:\/\/doca.es\/wp-content\/uploads\/2025\/06\/a6b4e5947480d3db152a98c9a7987a7d89722cda-scaled.jpg 1708w, https:\/\/doca.es\/wp-content\/uploads\/2025\/06\/a6b4e5947480d3db152a98c9a7987a7d89722cda-200x300.jpg 200w, https:\/\/doca.es\/wp-content\/uploads\/2025\/06\/a6b4e5947480d3db152a98c9a7987a7d89722cda-683x1024.jpg 683w, https:\/\/doca.es\/wp-content\/uploads\/2025\/06\/a6b4e5947480d3db152a98c9a7987a7d89722cda-1025x1536.jpg 1025w, https:\/\/doca.es\/wp-content\/uploads\/2025\/06\/a6b4e5947480d3db152a98c9a7987a7d89722cda-1366x2048.jpg 1366w\" sizes=\"auto, (max-width: 1708px) 100vw, 1708px\" \/>\n\n\n\n<div class=\"gb-element-5180f744\"><\/div>\n<\/div>\n<\/div>\n<\/div>\n<\/div>\n\n<div class=\"gb-element-806fefc8\"><\/div>\n\n<div class=\"gb-element-a7ea4aff\">\n<div class=\"gb-element-abffc79c\">\n<h2 class=\"gb-text gb-text-8f82f34b\">Historique du DOCA<\/h2>\n<\/div>\n<\/div>\n\n<div class=\"gb-element-de92d997\">\n<div class=\"gb-element-32a2cee3\">\n<div class=\"gb-element-c85c8f57 swiper-hist-principal\">\n<div class=\"gb-element-db4c7b16 swiper-wrapper\">\n<div class=\"gb-element-79f4371c swiper-slide\">\n<div class=\"gb-element-6bce4236\">\n<p class=\"gb-text gb-text-e9919169\">1986-1995<\/p>\n\n\n\n<img loading=\"lazy\" decoding=\"async\" width=\"1920\" height=\"945\" class=\"gb-media-3d4d768a\" alt=\"\" src=\"https:\/\/doca.es\/wp-content\/uploads\/2025\/06\/1-1986_1920p_1.jpg\" title=\"1- 1986_1920p_1\" srcset=\"https:\/\/doca.es\/wp-content\/uploads\/2025\/06\/1-1986_1920p_1.jpg 1920w, https:\/\/doca.es\/wp-content\/uploads\/2025\/06\/1-1986_1920p_1-1024x504.jpg 1024w, https:\/\/doca.es\/wp-content\/uploads\/2025\/06\/1-1986_1920p_1-1536x756.jpg 1536w\" sizes=\"auto, (max-width: 1920px) 100vw, 1920px\" \/>\n\n\n\n<p class=\"gb-text gb-text-fdfcd81e\">DOCA est n\u00e9e \u00e0 Vinar\u00f2s avec une structure modeste et une ambition claire : cro\u00eetre de mani\u00e8re durable, perfectionner chaque d\u00e9tail et poser les bases d\u2019une marque engag\u00e9e pour l\u2019excellence.<\/p>\n<\/div>\n\n\n\n<div class=\"gb-element-25f49922\">\n<p class=\"gb-text gb-text-29ab6d01\">1995-2005<\/p>\n\n\n\n<img loading=\"lazy\" decoding=\"async\" width=\"1920\" height=\"971\" class=\"gb-media-1a045b75\" alt=\"\" src=\"https:\/\/doca.es\/wp-content\/uploads\/2025\/06\/2-1995_1920.jpg\" title=\"2- 1995_1920\" srcset=\"https:\/\/doca.es\/wp-content\/uploads\/2025\/06\/2-1995_1920.jpg 1920w, https:\/\/doca.es\/wp-content\/uploads\/2025\/06\/2-1995_1920-1024x518.jpg 1024w, https:\/\/doca.es\/wp-content\/uploads\/2025\/06\/2-1995_1920-1536x777.jpg 1536w\" sizes=\"auto, (max-width: 1920px) 100vw, 1920px\" \/>\n\n\n\n<p class=\"gb-text gb-text-73909669\">Durant cette p\u00e9riode, nous avons d\u00e9fini une identit\u00e9 propre, misant sur un design fonctionnel et diff\u00e9renciant, port\u00e9s par une vision strat\u00e9gique ax\u00e9e sur l\u2019innovation continue et une qualit\u00e9 sans concessions.<\/p>\n<\/div>\n\n\n\n<div class=\"gb-element-5f063b99\">\n<p class=\"gb-text gb-text-cc2c93a1\">2005-2015<\/p>\n\n\n\n<img loading=\"lazy\" decoding=\"async\" width=\"1920\" height=\"1131\" class=\"gb-media-baa43637\" alt=\"\" src=\"https:\/\/doca.es\/wp-content\/uploads\/2025\/06\/3-2005_1920p.jpg\" title=\"3-2005_1920p\" srcset=\"https:\/\/doca.es\/wp-content\/uploads\/2025\/06\/3-2005_1920p.jpg 1920w, https:\/\/doca.es\/wp-content\/uploads\/2025\/06\/3-2005_1920p-1024x603.jpg 1024w, https:\/\/doca.es\/wp-content\/uploads\/2025\/06\/3-2005_1920p-1536x905.jpg 1536w\" sizes=\"auto, (max-width: 1920px) 100vw, 1920px\" \/>\n\n\n\n<p class=\"gb-text gb-text-da2aaeca\">Avec l\u2019inauguration d\u2019un nouveau site de production de 20 000 m\u00b2, DOCA franchit une \u00e9tape d\u00e9cisive vers l\u2019avenir, dans un espace qui refl\u00e8te notre engagement envers l\u2019excellence et l\u2019\u00e9volution permanente.<\/p>\n<\/div>\n\n\n\n<div class=\"gb-element-4b6482ee\">\n<p class=\"gb-text gb-text-ecd1efbd\">2015-2025<\/p>\n\n\n\n<img loading=\"lazy\" decoding=\"async\" width=\"1920\" height=\"1098\" class=\"gb-media-b8471bbe\" alt=\"\" src=\"https:\/\/doca.es\/wp-content\/uploads\/2025\/06\/4-2015_1920.jpg\" title=\"4-2015_1920\" srcset=\"https:\/\/doca.es\/wp-content\/uploads\/2025\/06\/4-2015_1920.jpg 1920w, https:\/\/doca.es\/wp-content\/uploads\/2025\/06\/4-2015_1920-1024x586.jpg 1024w, https:\/\/doca.es\/wp-content\/uploads\/2025\/06\/4-2015_1920-1536x878.jpg 1536w\" sizes=\"auto, (max-width: 1920px) 100vw, 1920px\" \/>\n\n\n\n<p class=\"gb-text gb-text-3f29a770\">Forte de plus de quatre d\u00e9cennies d\u2019exp\u00e9rience, DOCA s\u2019impose comme une marque de r\u00e9f\u00e9rence mondiale, pr\u00e9sente dans des projets exclusifs \u00e0 travers le monde, gr\u00e2ce \u00e0 son engagement envers le design, la pr\u00e9cision et l\u2019authenticit\u00e9.<\/p>\n<\/div>\n<\/div>\n<\/div>\n<\/div>\n<\/div>\n\n\n\n<div class=\"gb-element-77b4e85b\">\n<div class=\"gb-element-5ed26609\">\n<p class=\"gb-text gb-text-cffd9e81\">Le Design<br><em>D&rsquo;Exception<\/em> a un nom<\/p>\n\n\n\n<img loading=\"lazy\" decoding=\"async\" width=\"2560\" height=\"771\" class=\"gb-media-6303f5f0\" alt=\"\" src=\"https:\/\/doca.es\/wp-content\/uploads\/2025\/05\/8dea829647f4d10c34600eac19f9dc7ee6b48f88-1-scaled.png\" title=\"8dea829647f4d10c34600eac19f9dc7ee6b48f88 (1)\" srcset=\"https:\/\/doca.es\/wp-content\/uploads\/2025\/05\/8dea829647f4d10c34600eac19f9dc7ee6b48f88-1-scaled.png 2560w, https:\/\/doca.es\/wp-content\/uploads\/2025\/05\/8dea829647f4d10c34600eac19f9dc7ee6b48f88-1-1024x309.png 1024w, https:\/\/doca.es\/wp-content\/uploads\/2025\/05\/8dea829647f4d10c34600eac19f9dc7ee6b48f88-1-1536x463.png 1536w, https:\/\/doca.es\/wp-content\/uploads\/2025\/05\/8dea829647f4d10c34600eac19f9dc7ee6b48f88-1-2048x617.png 2048w\" sizes=\"auto, (max-width: 2560px) 100vw, 2560px\" \/>\n\n\n\n<p class=\"gb-text gb-text-d271eda2\">\u00c9changeons et imaginons ensemble ce que nous pourrions cr\u00e9er<\/p>\n\n\n\n<div class=\"gb-element-e47fe3c4\">\n<a class=\"gb-text gb-text-82d935e0 btn-doca\" href=\"https:\/\/doca.es\/fr\/contacter\/\">Contact<\/a>\n<\/div>\n<\/div>\n<\/div>\n<\/div>\n\n<p><\/p>\n","protected":false},"excerpt":{"rendered":"<p>DOCA : QUAND LE DESIGN ATTEINT L\u2019EXCELLENCE. Chez DOCA, chaque projet signe une d\u00e9claration de style, de rigueur et d\u2019audace. Nous sommes n\u00e9s avec une id\u00e9e claire : transformer les espaces du quotidien en environnements d\u2019exception Plus de quarante ans plus tard, nous restons fid\u00e8les \u00e0 cette vision, avec une proposition esth\u00e9tique qui d\u00e9fie les [&hellip;]<\/p>\n","protected":false},"author":1,"featured_media":0,"parent":0,"menu_order":0,"comment_status":"closed","ping_status":"closed","template":"","meta":{"footnotes":""},"class_list":["post-3526","page","type-page","status-publish","hentry"],"yoast_head":"<!-- This site is optimized with the Yoast SEO plugin v26.3 - https:\/\/yoast.com\/wordpress\/plugins\/seo\/ -->\n<title>NOTRE IDENTITE - DOCA<\/title>\n<meta name=\"description\" content=\"D\u00e9couvrez la philosophie et l&#039;histoire de DOCA : plus de 40 ans de cr\u00e9ation de meubles contemporains, durables et sophistiqu\u00e9s. Un design sans formule, des mat\u00e9riaux nobles et une vision globale qui transforme les espaces en exp\u00e9riences.\" \/>\n<meta name=\"robots\" content=\"index, follow, max-snippet:-1, max-image-preview:large, max-video-preview:-1\" \/>\n<link rel=\"canonical\" href=\"https:\/\/doca.es\/fr\/notre-identite\/\" \/>\n<meta property=\"og:locale\" content=\"fr_FR\" \/>\n<meta property=\"og:type\" content=\"article\" \/>\n<meta property=\"og:title\" content=\"NOTRE IDENTITE - DOCA\" \/>\n<meta property=\"og:description\" content=\"D\u00e9couvrez la philosophie et l&#039;histoire de DOCA : plus de 40 ans de cr\u00e9ation de meubles contemporains, durables et sophistiqu\u00e9s. Un design sans formule, des mat\u00e9riaux nobles et une vision globale qui transforme les espaces en exp\u00e9riences.\" \/>\n<meta property=\"og:url\" content=\"https:\/\/doca.es\/fr\/notre-identite\/\" \/>\n<meta property=\"og:site_name\" content=\"DOCA\" \/>\n<meta property=\"article:modified_time\" content=\"2025-06-25T10:53:06+00:00\" \/>\n<meta property=\"og:image\" content=\"https:\/\/doca.es\/wp-content\/uploads\/2025\/05\/8aacb3d555a091346da8f1f5f60b1d5e702c2da6-scaled.jpg\" \/>\n<meta name=\"twitter:card\" content=\"summary_large_image\" \/>\n<meta name=\"twitter:label1\" content=\"Dur\u00e9e de lecture estim\u00e9e\" \/>\n\t<meta name=\"twitter:data1\" content=\"2 minutes\" \/>\n<script type=\"application\/ld+json\" class=\"yoast-schema-graph\">{\"@context\":\"https:\/\/schema.org\",\"@graph\":[{\"@type\":\"WebPage\",\"@id\":\"https:\/\/doca.es\/fr\/notre-identite\/\",\"url\":\"https:\/\/doca.es\/fr\/notre-identite\/\",\"name\":\"NOTRE IDENTITE - DOCA\",\"isPartOf\":{\"@id\":\"https:\/\/doca.es\/fr\/#website\"},\"primaryImageOfPage\":{\"@id\":\"https:\/\/doca.es\/fr\/notre-identite\/#primaryimage\"},\"image\":{\"@id\":\"https:\/\/doca.es\/fr\/notre-identite\/#primaryimage\"},\"thumbnailUrl\":\"https:\/\/doca.es\/wp-content\/uploads\/2025\/05\/8aacb3d555a091346da8f1f5f60b1d5e702c2da6-scaled.jpg\",\"datePublished\":\"2025-05-28T04:11:24+00:00\",\"dateModified\":\"2025-06-25T10:53:06+00:00\",\"description\":\"D\u00e9couvrez la philosophie et l'histoire de DOCA : plus de 40 ans de cr\u00e9ation de meubles contemporains, durables et sophistiqu\u00e9s. Un design sans formule, des mat\u00e9riaux nobles et une vision globale qui transforme les espaces en exp\u00e9riences.\",\"breadcrumb\":{\"@id\":\"https:\/\/doca.es\/fr\/notre-identite\/#breadcrumb\"},\"inLanguage\":\"fr-FR\",\"potentialAction\":[{\"@type\":\"ReadAction\",\"target\":[\"https:\/\/doca.es\/fr\/notre-identite\/\"]}]},{\"@type\":\"ImageObject\",\"inLanguage\":\"fr-FR\",\"@id\":\"https:\/\/doca.es\/fr\/notre-identite\/#primaryimage\",\"url\":\"https:\/\/doca.es\/wp-content\/uploads\/2025\/05\/8aacb3d555a091346da8f1f5f60b1d5e702c2da6-scaled.jpg\",\"contentUrl\":\"https:\/\/doca.es\/wp-content\/uploads\/2025\/05\/8aacb3d555a091346da8f1f5f60b1d5e702c2da6-scaled.jpg\"},{\"@type\":\"BreadcrumbList\",\"@id\":\"https:\/\/doca.es\/fr\/notre-identite\/#breadcrumb\",\"itemListElement\":[{\"@type\":\"ListItem\",\"position\":1,\"name\":\"Portada\",\"item\":\"https:\/\/doca.es\/fr\/\"},{\"@type\":\"ListItem\",\"position\":2,\"name\":\"NOTRE IDENTITE\"}]},{\"@type\":\"WebSite\",\"@id\":\"https:\/\/doca.es\/fr\/#website\",\"url\":\"https:\/\/doca.es\/fr\/\",\"name\":\"DOCA\",\"description\":\"\",\"publisher\":{\"@id\":\"https:\/\/doca.es\/fr\/#organization\"},\"potentialAction\":[{\"@type\":\"SearchAction\",\"target\":{\"@type\":\"EntryPoint\",\"urlTemplate\":\"https:\/\/doca.es\/fr\/?s={search_term_string}\"},\"query-input\":{\"@type\":\"PropertyValueSpecification\",\"valueRequired\":true,\"valueName\":\"search_term_string\"}}],\"inLanguage\":\"fr-FR\"},{\"@type\":\"Organization\",\"@id\":\"https:\/\/doca.es\/fr\/#organization\",\"name\":\"DOCA\",\"url\":\"https:\/\/doca.es\/fr\/\",\"logo\":{\"@type\":\"ImageObject\",\"inLanguage\":\"fr-FR\",\"@id\":\"https:\/\/doca.es\/fr\/#\/schema\/logo\/image\/\",\"url\":\"https:\/\/doca.es\/wp-content\/uploads\/2025\/05\/8dea829647f4d10c34600eac19f9dc7ee6b48f88-1-scaled.png\",\"contentUrl\":\"https:\/\/doca.es\/wp-content\/uploads\/2025\/05\/8dea829647f4d10c34600eac19f9dc7ee6b48f88-1-scaled.png\",\"width\":2560,\"height\":771,\"caption\":\"DOCA\"},\"image\":{\"@id\":\"https:\/\/doca.es\/fr\/#\/schema\/logo\/image\/\"}}]}<\/script>\n<!-- \/ Yoast SEO plugin. -->","yoast_head_json":{"title":"NOTRE IDENTITE - DOCA","description":"D\u00e9couvrez la philosophie et l'histoire de DOCA : plus de 40 ans de cr\u00e9ation de meubles contemporains, durables et sophistiqu\u00e9s. Un design sans formule, des mat\u00e9riaux nobles et une vision globale qui transforme les espaces en exp\u00e9riences.","robots":{"index":"index","follow":"follow","max-snippet":"max-snippet:-1","max-image-preview":"max-image-preview:large","max-video-preview":"max-video-preview:-1"},"canonical":"https:\/\/doca.es\/fr\/notre-identite\/","og_locale":"fr_FR","og_type":"article","og_title":"NOTRE IDENTITE - DOCA","og_description":"D\u00e9couvrez la philosophie et l'histoire de DOCA : plus de 40 ans de cr\u00e9ation de meubles contemporains, durables et sophistiqu\u00e9s. Un design sans formule, des mat\u00e9riaux nobles et une vision globale qui transforme les espaces en exp\u00e9riences.","og_url":"https:\/\/doca.es\/fr\/notre-identite\/","og_site_name":"DOCA","article_modified_time":"2025-06-25T10:53:06+00:00","og_image":[{"url":"https:\/\/doca.es\/wp-content\/uploads\/2025\/05\/8aacb3d555a091346da8f1f5f60b1d5e702c2da6-scaled.jpg","type":"","width":"","height":""}],"twitter_card":"summary_large_image","twitter_misc":{"Dur\u00e9e de lecture estim\u00e9e":"2 minutes"},"schema":{"@context":"https:\/\/schema.org","@graph":[{"@type":"WebPage","@id":"https:\/\/doca.es\/fr\/notre-identite\/","url":"https:\/\/doca.es\/fr\/notre-identite\/","name":"NOTRE IDENTITE - DOCA","isPartOf":{"@id":"https:\/\/doca.es\/fr\/#website"},"primaryImageOfPage":{"@id":"https:\/\/doca.es\/fr\/notre-identite\/#primaryimage"},"image":{"@id":"https:\/\/doca.es\/fr\/notre-identite\/#primaryimage"},"thumbnailUrl":"https:\/\/doca.es\/wp-content\/uploads\/2025\/05\/8aacb3d555a091346da8f1f5f60b1d5e702c2da6-scaled.jpg","datePublished":"2025-05-28T04:11:24+00:00","dateModified":"2025-06-25T10:53:06+00:00","description":"D\u00e9couvrez la philosophie et l'histoire de DOCA : plus de 40 ans de cr\u00e9ation de meubles contemporains, durables et sophistiqu\u00e9s. Un design sans formule, des mat\u00e9riaux nobles et une vision globale qui transforme les espaces en exp\u00e9riences.","breadcrumb":{"@id":"https:\/\/doca.es\/fr\/notre-identite\/#breadcrumb"},"inLanguage":"fr-FR","potentialAction":[{"@type":"ReadAction","target":["https:\/\/doca.es\/fr\/notre-identite\/"]}]},{"@type":"ImageObject","inLanguage":"fr-FR","@id":"https:\/\/doca.es\/fr\/notre-identite\/#primaryimage","url":"https:\/\/doca.es\/wp-content\/uploads\/2025\/05\/8aacb3d555a091346da8f1f5f60b1d5e702c2da6-scaled.jpg","contentUrl":"https:\/\/doca.es\/wp-content\/uploads\/2025\/05\/8aacb3d555a091346da8f1f5f60b1d5e702c2da6-scaled.jpg"},{"@type":"BreadcrumbList","@id":"https:\/\/doca.es\/fr\/notre-identite\/#breadcrumb","itemListElement":[{"@type":"ListItem","position":1,"name":"Portada","item":"https:\/\/doca.es\/fr\/"},{"@type":"ListItem","position":2,"name":"NOTRE IDENTITE"}]},{"@type":"WebSite","@id":"https:\/\/doca.es\/fr\/#website","url":"https:\/\/doca.es\/fr\/","name":"DOCA","description":"","publisher":{"@id":"https:\/\/doca.es\/fr\/#organization"},"potentialAction":[{"@type":"SearchAction","target":{"@type":"EntryPoint","urlTemplate":"https:\/\/doca.es\/fr\/?s={search_term_string}"},"query-input":{"@type":"PropertyValueSpecification","valueRequired":true,"valueName":"search_term_string"}}],"inLanguage":"fr-FR"},{"@type":"Organization","@id":"https:\/\/doca.es\/fr\/#organization","name":"DOCA","url":"https:\/\/doca.es\/fr\/","logo":{"@type":"ImageObject","inLanguage":"fr-FR","@id":"https:\/\/doca.es\/fr\/#\/schema\/logo\/image\/","url":"https:\/\/doca.es\/wp-content\/uploads\/2025\/05\/8dea829647f4d10c34600eac19f9dc7ee6b48f88-1-scaled.png","contentUrl":"https:\/\/doca.es\/wp-content\/uploads\/2025\/05\/8dea829647f4d10c34600eac19f9dc7ee6b48f88-1-scaled.png","width":2560,"height":771,"caption":"DOCA"},"image":{"@id":"https:\/\/doca.es\/fr\/#\/schema\/logo\/image\/"}}]}},"_links":{"self":[{"href":"https:\/\/doca.es\/fr\/wp-json\/wp\/v2\/pages\/3526","targetHints":{"allow":["GET"]}}],"collection":[{"href":"https:\/\/doca.es\/fr\/wp-json\/wp\/v2\/pages"}],"about":[{"href":"https:\/\/doca.es\/fr\/wp-json\/wp\/v2\/types\/page"}],"author":[{"embeddable":true,"href":"https:\/\/doca.es\/fr\/wp-json\/wp\/v2\/users\/1"}],"replies":[{"embeddable":true,"href":"https:\/\/doca.es\/fr\/wp-json\/wp\/v2\/comments?post=3526"}],"version-history":[{"count":1,"href":"https:\/\/doca.es\/fr\/wp-json\/wp\/v2\/pages\/3526\/revisions"}],"predecessor-version":[{"id":3527,"href":"https:\/\/doca.es\/fr\/wp-json\/wp\/v2\/pages\/3526\/revisions\/3527"}],"wp:attachment":[{"href":"https:\/\/doca.es\/fr\/wp-json\/wp\/v2\/media?parent=3526"}],"curies":[{"name":"wp","href":"https:\/\/api.w.org\/{rel}","templated":true}]}}