{"id":3868,"date":"2025-06-13T19:59:25","date_gmt":"2025-06-13T19:59:25","guid":{"rendered":"https:\/\/doca.es\/nature-et-design\/"},"modified":"2025-06-25T20:19:08","modified_gmt":"2025-06-25T20:19:08","slug":"nature-et-design","status":"publish","type":"page","link":"https:\/\/doca.es\/fr\/nature-et-design\/","title":{"rendered":"NATURE ET DESIGN"},"content":{"rendered":"\n<div>\n<div class=\"gb-element-01474f0a\">\n<div class=\"gb-element-677f3229\">\n<img loading=\"lazy\" decoding=\"async\" width=\"2560\" height=\"1446\" class=\"gb-media-d0e25734\" alt=\"\" src=\"https:\/\/doca.es\/wp-content\/uploads\/2025\/06\/A7400002-BYN-scaled.jpg\" title=\"8aacb3d555a091346da8f1f5f60b1d5e702c2da6\" srcset=\"https:\/\/doca.es\/wp-content\/uploads\/2025\/06\/A7400002-BYN-scaled.jpg 2560w, https:\/\/doca.es\/wp-content\/uploads\/2025\/06\/A7400002-BYN-1024x578.jpg 1024w, https:\/\/doca.es\/wp-content\/uploads\/2025\/06\/A7400002-BYN-1536x867.jpg 1536w, https:\/\/doca.es\/wp-content\/uploads\/2025\/06\/A7400002-BYN-2048x1157.jpg 2048w\" sizes=\"auto, (max-width: 2560px) 100vw, 2560px\" \/>\n\n\n\n<div class=\"gb-element-c034b3b0\"><\/div>\n<\/div>\n\n\n\n<div class=\"wp-block-group has-global-padding is-layout-constrained wp-container-core-group-is-layout-4383d167 wp-block-group-is-layout-constrained\">\n<h1 class=\"gb-text gb-text-5a36e226\">DURABILITE ENVIRONNEMENTALE<\/h1>\n<\/div>\n\n\n\n<p class=\"gb-text gb-text-9d6f5091\">Chez DOCA, nous concevons la durabilit\u00e9 comme une responsabilit\u00e9 inh\u00e9rente au design. Chaque d\u00e9cision \u2014 du choix des mat\u00e9riaux jusqu\u2019au processus d\u2019installation \u2014 est guid\u00e9e par l\u2019\u00e9quilibre entre esth\u00e9tique, fonctionnalit\u00e9 et respect de l\u2019environnement. <\/p>\n\n\n\n<p class=\"gb-text gb-text-eb8bc69f\">Nous travaillons avec des fournisseurs certifi\u00e9s et des mat\u00e9riaux issus de sources responsables, garantissant la tra\u00e7abilit\u00e9 sur toute la cha\u00eene de valeur. Notre engagement en faveur d\u2019une gestion durable des ressources se refl\u00e8te dans l\u2019obtention de la certification PEFC, qui garantit que le bois que nous utilisons provient de for\u00eats g\u00e9r\u00e9es de mani\u00e8re respectueuse et responsable. <\/p>\n<\/div>\n<\/div>\n\n<div class=\"gb-element-4af01e41\">\n<div class=\"gb-element-a01a0e35 doca-1600\">\n<div>\n<div class=\"gb-element-16623d03\">\n<div class=\"gb-element-504918d0\">\n<div class=\"gb-element-e767ce55\">\n<div class=\"gb-element-50860336\">\n<img loading=\"lazy\" decoding=\"async\" width=\"2560\" height=\"1391\" class=\"gb-media-0624a113\" alt=\"\" src=\"https:\/\/doca.es\/wp-content\/uploads\/2025\/06\/A7400260-scaled.jpg\" title=\"A7400260\" srcset=\"https:\/\/doca.es\/wp-content\/uploads\/2025\/06\/A7400260-scaled.jpg 2560w, https:\/\/doca.es\/wp-content\/uploads\/2025\/06\/A7400260-1024x557.jpg 1024w, https:\/\/doca.es\/wp-content\/uploads\/2025\/06\/A7400260-1536x835.jpg 1536w, https:\/\/doca.es\/wp-content\/uploads\/2025\/06\/A7400260-2048x1113.jpg 2048w\" sizes=\"auto, (max-width: 2560px) 100vw, 2560px\" \/>\n\n\n\n<div class=\"gb-element-e4888dd0\"><\/div>\n<\/div>\n\n\n\n<h3 class=\"gb-text gb-text-b3b9aaef\">DES LIENS QUI CONSTRUISENT<\/h3>\n\n\n\n<p>Chez DOCA, nous pensons que bien concevoir, c\u2019est aussi prendre soin des personnes. C\u2019est pourquoi notre vision de la durabilit\u00e9 ne se limite pas aux mat\u00e9riaux ou aux processus, mais s\u2019\u00e9tend aussi \u00e0 la mani\u00e8re dont nous construisons des relations \u2014 en interne comme en externe. <\/p>\n\n\n\n<p>Au-del\u00e0 de nos murs, nous cultivons des relations responsables avec nos fournisseurs, nos distributeurs et les communaut\u00e9s avec lesquelles nous collaborons. Nous croyons que le design a aussi le pouvoir de g\u00e9n\u00e9rer un impact positif sur la soci\u00e9t\u00e9 : inspirer, am\u00e9liorer la vie des gens et cr\u00e9er des liens durables. <\/p>\n\n\n\n<p>Car derri\u00e8re chaque espace que nous concevons, il y a un r\u00e9seau de personnes qui croient en ce qu\u2019elles font. <\/p>\n<\/div>\n\n\n\n<div class=\"gb-element-2d2fd49b\">\n<div class=\"gb-element-640b3b60\">\n<img loading=\"lazy\" decoding=\"async\" width=\"2560\" height=\"1514\" class=\"gb-media-672f47cd\" alt=\"\" src=\"https:\/\/doca.es\/wp-content\/uploads\/2025\/06\/A7409833-scaled.jpg\" title=\"A7409833\" srcset=\"https:\/\/doca.es\/wp-content\/uploads\/2025\/06\/A7409833-scaled.jpg 2560w, https:\/\/doca.es\/wp-content\/uploads\/2025\/06\/A7409833-1024x606.jpg 1024w, https:\/\/doca.es\/wp-content\/uploads\/2025\/06\/A7409833-1536x908.jpg 1536w, https:\/\/doca.es\/wp-content\/uploads\/2025\/06\/A7409833-2048x1211.jpg 2048w\" sizes=\"auto, (max-width: 2560px) 100vw, 2560px\" \/>\n\n\n\n<div class=\"gb-element-5c2e92b3\"><\/div>\n<\/div>\n\n\n\n<h3 class=\"gb-text gb-text-e8165eb6\">UNE EXCELLENCE RESPONSABLE<\/h3>\n\n\n\n<p>Chez DOCA, l\u2019excellence ne se limite pas au design : elle se manifeste aussi dans la mani\u00e8re dont nous g\u00e9rons chaque aspect de notre activit\u00e9. La responsabilit\u00e9, l\u2019\u00e9thique et la transparence font partie int\u00e9grante de notre culture d\u2019entreprise. <\/p>\n\n\n\n<p>Nous disposons d\u2019un Code \u00c9thique qui encadre nos relations internes et externes, en \u00e9tablissant des principes clairs concernant la conduite professionnelle, la gestion des ressources et les relations avec nos clients, fournisseurs et institutions. Notre objectif n\u2019est pas simplement de respecter les normes : nous cherchons \u00e0 aller au-del\u00e0, avec une gestion coh\u00e9rente, int\u00e8gre et align\u00e9e sur nos valeurs. <\/p>\n\n\n\n<p>Nous croyons que l\u2019excellence n\u2019est pas un r\u00e9sultat, mais une mani\u00e8re de faire les choses.<\/p>\n<\/div>\n<\/div>\n<\/div>\n<\/div>\n<\/div>\n<\/div>\n\n<div class=\"gb-element-1b74e47d\"><\/div>\n\n<div class=\"gb-element-38451dd7\">\n<div class=\"gb-element-e7a0ea61 doca-1600\">\n<div>\n<p class=\"gb-text\"><strong>Muebles de Cocina DOCA, S.L. a b\u00e9n\u00e9fici\u00e9 d\u2019une aide pour son projet d\u2019autoconsommation <em>Installation photovolta\u00efque<\/em>, cofinanc\u00e9e par le M\u00e9canisme Europ\u00e9en de Relance et de R\u00e9silience PRTR\u2013Next Generation EU, coordonn\u00e9e par le Minist\u00e8re pour la Transition \u00c9cologique et le D\u00e9fi D\u00e9mographique via l\u2019IDAE et g\u00e9r\u00e9e par les communaut\u00e9s autonomes selon le D\u00e9cret Royal 477\/2021, dans le but d\u2019atteindre une \u00e9conomie plus propre et durable.&nbsp;<\/strong><\/p>\n\n\n\n<div class=\"gb-element-5ed26609\">\n<p class=\"gb-text gb-text-cffd9e81\">Cliquez pour consulter<br>plan strat\u00e9gique pour les installations photovolta\u00efques<\/p>\n\n\n\n<div class=\"gb-element-e47fe3c4\">\n<a class=\"gb-text gb-text-82d935e0 btn-doca\" href=\"https:\/\/doca.es\/wp-content\/uploads\/2025\/06\/PLAN_ESTRATEGICO_MUEBLES-DOCA.pdf\" target=\"_blank\" rel=\"noopener\">Ver el plan<\/a>\n<\/div>\n<\/div>\n<\/div>\n<\/div>\n<\/div>\n\n<div class=\"gb-element-77b4e85b\">\n<div class=\"gb-element-5ed26609\">\n<p class=\"gb-text gb-text-cffd9e81\">Le Design<br><em>D&rsquo;Exception<\/em> a un nom<\/p>\n\n\n\n<img loading=\"lazy\" decoding=\"async\" width=\"2560\" height=\"771\" class=\"gb-media-6303f5f0\" alt=\"\" src=\"https:\/\/doca.es\/wp-content\/uploads\/2025\/05\/8dea829647f4d10c34600eac19f9dc7ee6b48f88-1-scaled.png\" title=\"8dea829647f4d10c34600eac19f9dc7ee6b48f88 (1)\" srcset=\"https:\/\/doca.es\/wp-content\/uploads\/2025\/05\/8dea829647f4d10c34600eac19f9dc7ee6b48f88-1-scaled.png 2560w, https:\/\/doca.es\/wp-content\/uploads\/2025\/05\/8dea829647f4d10c34600eac19f9dc7ee6b48f88-1-1024x309.png 1024w, https:\/\/doca.es\/wp-content\/uploads\/2025\/05\/8dea829647f4d10c34600eac19f9dc7ee6b48f88-1-1536x463.png 1536w, https:\/\/doca.es\/wp-content\/uploads\/2025\/05\/8dea829647f4d10c34600eac19f9dc7ee6b48f88-1-2048x617.png 2048w\" sizes=\"auto, (max-width: 2560px) 100vw, 2560px\" \/>\n\n\n\n<p class=\"gb-text gb-text-d271eda2\">\u00c9changeons et imaginons ensemble ce que nous pourrions cr\u00e9er<\/p>\n\n\n\n<div class=\"gb-element-e47fe3c4\">\n<a class=\"gb-text gb-text-82d935e0 btn-doca\" href=\"https:\/\/doca.es\/fr\/contacter\/\">Contact<\/a>\n<\/div>\n<\/div>\n<\/div>\n","protected":false},"excerpt":{"rendered":"<p>DURABILITE ENVIRONNEMENTALE Chez DOCA, nous concevons la durabilit\u00e9 comme une responsabilit\u00e9 inh\u00e9rente au design. Chaque d\u00e9cision \u2014 du choix des mat\u00e9riaux jusqu\u2019au processus d\u2019installation \u2014 est guid\u00e9e par l\u2019\u00e9quilibre entre esth\u00e9tique, fonctionnalit\u00e9 et respect de l\u2019environnement. Nous travaillons avec des fournisseurs certifi\u00e9s et des mat\u00e9riaux issus de sources responsables, garantissant la tra\u00e7abilit\u00e9 sur toute la [&hellip;]<\/p>\n","protected":false},"author":1,"featured_media":0,"parent":0,"menu_order":0,"comment_status":"closed","ping_status":"closed","template":"","meta":{"footnotes":""},"class_list":["post-3868","page","type-page","status-publish","hentry"],"yoast_head":"<!-- This site is optimized with the Yoast SEO plugin v26.3 - https:\/\/yoast.com\/wordpress\/plugins\/seo\/ -->\n<title>NATURE ET DESIGN - DOCA<\/title>\n<meta name=\"description\" content=\"D\u00e9couvrez comment DOCA int\u00e8gre la durabilit\u00e9, l&#039;\u00e9thique et la conception responsable dans chaque projet. Le bois certifi\u00e9, les relations conscientes et l&#039;excellence environnementale d\u00e9finissent notre engagement pour un avenir plus propre et plus humain.\" \/>\n<meta name=\"robots\" content=\"index, follow, max-snippet:-1, max-image-preview:large, max-video-preview:-1\" \/>\n<link rel=\"canonical\" href=\"https:\/\/doca.es\/fr\/nature-et-design\/\" \/>\n<meta property=\"og:locale\" content=\"fr_FR\" \/>\n<meta property=\"og:type\" content=\"article\" \/>\n<meta property=\"og:title\" content=\"NATURE ET DESIGN - DOCA\" \/>\n<meta property=\"og:description\" content=\"D\u00e9couvrez comment DOCA int\u00e8gre la durabilit\u00e9, l&#039;\u00e9thique et la conception responsable dans chaque projet. Le bois certifi\u00e9, les relations conscientes et l&#039;excellence environnementale d\u00e9finissent notre engagement pour un avenir plus propre et plus humain.\" \/>\n<meta property=\"og:url\" content=\"https:\/\/doca.es\/fr\/nature-et-design\/\" \/>\n<meta property=\"og:site_name\" content=\"DOCA\" \/>\n<meta property=\"article:modified_time\" content=\"2025-06-25T20:19:08+00:00\" \/>\n<meta property=\"og:image\" content=\"https:\/\/doca.es\/wp-content\/uploads\/2025\/06\/A7400002-BYN-scaled.jpg\" \/>\n<meta name=\"twitter:card\" content=\"summary_large_image\" \/>\n<meta name=\"twitter:label1\" content=\"Dur\u00e9e de lecture estim\u00e9e\" \/>\n\t<meta name=\"twitter:data1\" content=\"2 minutes\" \/>\n<script type=\"application\/ld+json\" class=\"yoast-schema-graph\">{\"@context\":\"https:\/\/schema.org\",\"@graph\":[{\"@type\":\"WebPage\",\"@id\":\"https:\/\/doca.es\/fr\/nature-et-design\/\",\"url\":\"https:\/\/doca.es\/fr\/nature-et-design\/\",\"name\":\"NATURE ET DESIGN - DOCA\",\"isPartOf\":{\"@id\":\"https:\/\/doca.es\/fr\/#website\"},\"primaryImageOfPage\":{\"@id\":\"https:\/\/doca.es\/fr\/nature-et-design\/#primaryimage\"},\"image\":{\"@id\":\"https:\/\/doca.es\/fr\/nature-et-design\/#primaryimage\"},\"thumbnailUrl\":\"https:\/\/doca.es\/wp-content\/uploads\/2025\/06\/A7400002-BYN-scaled.jpg\",\"datePublished\":\"2025-06-13T19:59:25+00:00\",\"dateModified\":\"2025-06-25T20:19:08+00:00\",\"description\":\"D\u00e9couvrez comment DOCA int\u00e8gre la durabilit\u00e9, l'\u00e9thique et la conception responsable dans chaque projet. Le bois certifi\u00e9, les relations conscientes et l'excellence environnementale d\u00e9finissent notre engagement pour un avenir plus propre et plus humain.\",\"breadcrumb\":{\"@id\":\"https:\/\/doca.es\/fr\/nature-et-design\/#breadcrumb\"},\"inLanguage\":\"fr-FR\",\"potentialAction\":[{\"@type\":\"ReadAction\",\"target\":[\"https:\/\/doca.es\/fr\/nature-et-design\/\"]}]},{\"@type\":\"ImageObject\",\"inLanguage\":\"fr-FR\",\"@id\":\"https:\/\/doca.es\/fr\/nature-et-design\/#primaryimage\",\"url\":\"https:\/\/doca.es\/wp-content\/uploads\/2025\/06\/A7400002-BYN-scaled.jpg\",\"contentUrl\":\"https:\/\/doca.es\/wp-content\/uploads\/2025\/06\/A7400002-BYN-scaled.jpg\"},{\"@type\":\"BreadcrumbList\",\"@id\":\"https:\/\/doca.es\/fr\/nature-et-design\/#breadcrumb\",\"itemListElement\":[{\"@type\":\"ListItem\",\"position\":1,\"name\":\"Portada\",\"item\":\"https:\/\/doca.es\/fr\/\"},{\"@type\":\"ListItem\",\"position\":2,\"name\":\"NATURE ET DESIGN\"}]},{\"@type\":\"WebSite\",\"@id\":\"https:\/\/doca.es\/fr\/#website\",\"url\":\"https:\/\/doca.es\/fr\/\",\"name\":\"DOCA\",\"description\":\"\",\"publisher\":{\"@id\":\"https:\/\/doca.es\/fr\/#organization\"},\"potentialAction\":[{\"@type\":\"SearchAction\",\"target\":{\"@type\":\"EntryPoint\",\"urlTemplate\":\"https:\/\/doca.es\/fr\/?s={search_term_string}\"},\"query-input\":{\"@type\":\"PropertyValueSpecification\",\"valueRequired\":true,\"valueName\":\"search_term_string\"}}],\"inLanguage\":\"fr-FR\"},{\"@type\":\"Organization\",\"@id\":\"https:\/\/doca.es\/fr\/#organization\",\"name\":\"DOCA\",\"url\":\"https:\/\/doca.es\/fr\/\",\"logo\":{\"@type\":\"ImageObject\",\"inLanguage\":\"fr-FR\",\"@id\":\"https:\/\/doca.es\/fr\/#\/schema\/logo\/image\/\",\"url\":\"https:\/\/doca.es\/wp-content\/uploads\/2025\/05\/8dea829647f4d10c34600eac19f9dc7ee6b48f88-1-scaled.png\",\"contentUrl\":\"https:\/\/doca.es\/wp-content\/uploads\/2025\/05\/8dea829647f4d10c34600eac19f9dc7ee6b48f88-1-scaled.png\",\"width\":2560,\"height\":771,\"caption\":\"DOCA\"},\"image\":{\"@id\":\"https:\/\/doca.es\/fr\/#\/schema\/logo\/image\/\"}}]}<\/script>\n<!-- \/ Yoast SEO plugin. -->","yoast_head_json":{"title":"NATURE ET DESIGN - DOCA","description":"D\u00e9couvrez comment DOCA int\u00e8gre la durabilit\u00e9, l'\u00e9thique et la conception responsable dans chaque projet. Le bois certifi\u00e9, les relations conscientes et l'excellence environnementale d\u00e9finissent notre engagement pour un avenir plus propre et plus humain.","robots":{"index":"index","follow":"follow","max-snippet":"max-snippet:-1","max-image-preview":"max-image-preview:large","max-video-preview":"max-video-preview:-1"},"canonical":"https:\/\/doca.es\/fr\/nature-et-design\/","og_locale":"fr_FR","og_type":"article","og_title":"NATURE ET DESIGN - DOCA","og_description":"D\u00e9couvrez comment DOCA int\u00e8gre la durabilit\u00e9, l'\u00e9thique et la conception responsable dans chaque projet. Le bois certifi\u00e9, les relations conscientes et l'excellence environnementale d\u00e9finissent notre engagement pour un avenir plus propre et plus humain.","og_url":"https:\/\/doca.es\/fr\/nature-et-design\/","og_site_name":"DOCA","article_modified_time":"2025-06-25T20:19:08+00:00","og_image":[{"url":"https:\/\/doca.es\/wp-content\/uploads\/2025\/06\/A7400002-BYN-scaled.jpg","type":"","width":"","height":""}],"twitter_card":"summary_large_image","twitter_misc":{"Dur\u00e9e de lecture estim\u00e9e":"2 minutes"},"schema":{"@context":"https:\/\/schema.org","@graph":[{"@type":"WebPage","@id":"https:\/\/doca.es\/fr\/nature-et-design\/","url":"https:\/\/doca.es\/fr\/nature-et-design\/","name":"NATURE ET DESIGN - DOCA","isPartOf":{"@id":"https:\/\/doca.es\/fr\/#website"},"primaryImageOfPage":{"@id":"https:\/\/doca.es\/fr\/nature-et-design\/#primaryimage"},"image":{"@id":"https:\/\/doca.es\/fr\/nature-et-design\/#primaryimage"},"thumbnailUrl":"https:\/\/doca.es\/wp-content\/uploads\/2025\/06\/A7400002-BYN-scaled.jpg","datePublished":"2025-06-13T19:59:25+00:00","dateModified":"2025-06-25T20:19:08+00:00","description":"D\u00e9couvrez comment DOCA int\u00e8gre la durabilit\u00e9, l'\u00e9thique et la conception responsable dans chaque projet. Le bois certifi\u00e9, les relations conscientes et l'excellence environnementale d\u00e9finissent notre engagement pour un avenir plus propre et plus humain.","breadcrumb":{"@id":"https:\/\/doca.es\/fr\/nature-et-design\/#breadcrumb"},"inLanguage":"fr-FR","potentialAction":[{"@type":"ReadAction","target":["https:\/\/doca.es\/fr\/nature-et-design\/"]}]},{"@type":"ImageObject","inLanguage":"fr-FR","@id":"https:\/\/doca.es\/fr\/nature-et-design\/#primaryimage","url":"https:\/\/doca.es\/wp-content\/uploads\/2025\/06\/A7400002-BYN-scaled.jpg","contentUrl":"https:\/\/doca.es\/wp-content\/uploads\/2025\/06\/A7400002-BYN-scaled.jpg"},{"@type":"BreadcrumbList","@id":"https:\/\/doca.es\/fr\/nature-et-design\/#breadcrumb","itemListElement":[{"@type":"ListItem","position":1,"name":"Portada","item":"https:\/\/doca.es\/fr\/"},{"@type":"ListItem","position":2,"name":"NATURE ET DESIGN"}]},{"@type":"WebSite","@id":"https:\/\/doca.es\/fr\/#website","url":"https:\/\/doca.es\/fr\/","name":"DOCA","description":"","publisher":{"@id":"https:\/\/doca.es\/fr\/#organization"},"potentialAction":[{"@type":"SearchAction","target":{"@type":"EntryPoint","urlTemplate":"https:\/\/doca.es\/fr\/?s={search_term_string}"},"query-input":{"@type":"PropertyValueSpecification","valueRequired":true,"valueName":"search_term_string"}}],"inLanguage":"fr-FR"},{"@type":"Organization","@id":"https:\/\/doca.es\/fr\/#organization","name":"DOCA","url":"https:\/\/doca.es\/fr\/","logo":{"@type":"ImageObject","inLanguage":"fr-FR","@id":"https:\/\/doca.es\/fr\/#\/schema\/logo\/image\/","url":"https:\/\/doca.es\/wp-content\/uploads\/2025\/05\/8dea829647f4d10c34600eac19f9dc7ee6b48f88-1-scaled.png","contentUrl":"https:\/\/doca.es\/wp-content\/uploads\/2025\/05\/8dea829647f4d10c34600eac19f9dc7ee6b48f88-1-scaled.png","width":2560,"height":771,"caption":"DOCA"},"image":{"@id":"https:\/\/doca.es\/fr\/#\/schema\/logo\/image\/"}}]}},"_links":{"self":[{"href":"https:\/\/doca.es\/fr\/wp-json\/wp\/v2\/pages\/3868","targetHints":{"allow":["GET"]}}],"collection":[{"href":"https:\/\/doca.es\/fr\/wp-json\/wp\/v2\/pages"}],"about":[{"href":"https:\/\/doca.es\/fr\/wp-json\/wp\/v2\/types\/page"}],"author":[{"embeddable":true,"href":"https:\/\/doca.es\/fr\/wp-json\/wp\/v2\/users\/1"}],"replies":[{"embeddable":true,"href":"https:\/\/doca.es\/fr\/wp-json\/wp\/v2\/comments?post=3868"}],"version-history":[{"count":1,"href":"https:\/\/doca.es\/fr\/wp-json\/wp\/v2\/pages\/3868\/revisions"}],"predecessor-version":[{"id":3869,"href":"https:\/\/doca.es\/fr\/wp-json\/wp\/v2\/pages\/3868\/revisions\/3869"}],"wp:attachment":[{"href":"https:\/\/doca.es\/fr\/wp-json\/wp\/v2\/media?parent=3868"}],"curies":[{"name":"wp","href":"https:\/\/api.w.org\/{rel}","templated":true}]}}