{"id":4386,"date":"2025-10-01T11:38:12","date_gmt":"2025-10-01T11:38:12","guid":{"rendered":"https:\/\/doca.es\/nous-sommes-une-entreprise-b-corp\/"},"modified":"2025-10-07T05:07:11","modified_gmt":"2025-10-07T05:07:11","slug":"nous-sommes-une-entreprise-b-corp","status":"publish","type":"page","link":"https:\/\/doca.es\/fr\/nous-sommes-une-entreprise-b-corp\/","title":{"rendered":"Nous sommes une entreprise B Corp"},"content":{"rendered":"\n<div class=\"gb-element-4e6d2a16\">\n<div class=\"gb-element-01474f0a\">\n<div class=\"gb-element-29a7c3bd\">\n<img loading=\"lazy\" decoding=\"async\" width=\"2560\" height=\"1446\" class=\"gb-media-00d7d7f4\" alt=\"\" src=\"https:\/\/doca.es\/wp-content\/uploads\/2025\/09\/FOTO-FABRICA-2-scaled.jpg\" title=\"FOTO FABRICA 2\" srcset=\"https:\/\/doca.es\/wp-content\/uploads\/2025\/09\/FOTO-FABRICA-2-scaled.jpg 2560w, https:\/\/doca.es\/wp-content\/uploads\/2025\/09\/FOTO-FABRICA-2-1024x578.jpg 1024w, https:\/\/doca.es\/wp-content\/uploads\/2025\/09\/FOTO-FABRICA-2-1536x867.jpg 1536w, https:\/\/doca.es\/wp-content\/uploads\/2025\/09\/FOTO-FABRICA-2-2048x1157.jpg 2048w\" sizes=\"auto, (max-width: 2560px) 100vw, 2560px\" \/>\n\n\n\n<div class=\"gb-element-82270a82\"><\/div>\n<\/div>\n\n\n\n<div class=\"wp-block-group has-global-padding is-layout-constrained wp-container-core-group-is-layout-4383d167 wp-block-group-is-layout-constrained\">\n<div class=\"gb-element-133833e1\">\n<h3 class=\"gb-text gb-text-b3b9aaef\">NOUS SOMMES UNE ENTREPRISE B.CORP : ENGAG\u00c9S POUR L\u2019AVENIR<\/h3>\n<\/div>\n<\/div>\n\n\n\n<p class=\"gb-text gb-text-9d6f5091\">En tant que membre du Groupe KBV, DOCA vous partage sa satisfaction d\u2019une r\u00e9ussite qui marque un avant et un apr\u00e8s : la certification B Corp, qui reconna\u00eet l\u2019engagement du groupe et de toutes ses marques en faveur d\u2019un impact positif r\u00e9el.<\/p>\n\n\n\n<p class=\"gb-text gb-text-eb8bc69f\">Cette distinction internationale r\u00e9compense une communaut\u00e9 mondiale d\u2019entreprises qui r\u00e9pondent aux normes les plus \u00e9lev\u00e9es en mati\u00e8re de durabilit\u00e9, d\u2019engagement social, de transparence et d\u2019excellence entrepreneuriale.<\/p>\n<\/div>\n<\/div>\n\n\n\n<div class=\"gb-element-4af01e41\">\n<div class=\"gb-element-a01a0e35 doca-1600\">\n<div>\n<div class=\"gb-element-16623d03\">\n<div class=\"gb-element-504918d0\">\n<div class=\"gb-element-e767ce55\">\n<div class=\"gb-element-50860336\">\n<figure class=\"wp-block-image size-large\"><img loading=\"lazy\" decoding=\"async\" width=\"1024\" height=\"643\" src=\"https:\/\/doca.es\/wp-content\/uploads\/2025\/09\/foto-arbol-1-1024x643.jpg\" alt=\"\" class=\"wp-image-4333\" srcset=\"https:\/\/doca.es\/wp-content\/uploads\/2025\/09\/foto-arbol-1-1024x643.jpg 1024w, https:\/\/doca.es\/wp-content\/uploads\/2025\/09\/foto-arbol-1-1536x965.jpg 1536w, https:\/\/doca.es\/wp-content\/uploads\/2025\/09\/foto-arbol-1-2048x1286.jpg 2048w\" sizes=\"auto, (max-width: 1024px) 100vw, 1024px\" \/><\/figure>\n\n\n\n<div class=\"gb-element-e4888dd0\"><\/div>\n<\/div>\n\n\n\n<h3 class=\"gb-text gb-text-d162fa51\">CONCEVOIR POUR UN AVENIR MEILLEUR<\/h3>\n\n\n\n<p>Notre recherche constante d\u2019excellence ne se limite pas \u00e0 concevoir des cuisines et des espaces uniques. Nous voulons que chaque projet soit \u00e9galement un moteur de changement. Faire partie du mouvement B. Corp nous inspire \u00e0 repenser les processus, les mat\u00e9riaux et les relations, en int\u00e9grant la durabilit\u00e9 et l\u2019impact social positif dans chaque d\u00e9cision. Ainsi, le design transcende sa fonction et devient une d\u00e9claration de valeurs.   <\/p>\n\n\n\n<p><\/p>\n\n\n\n<p><\/p>\n<\/div>\n\n\n\n<div class=\"gb-element-2d2fd49b\">\n<div class=\"gb-element-640b3b60\">\n<figure class=\"wp-block-image size-large\"><img loading=\"lazy\" decoding=\"async\" width=\"1024\" height=\"643\" src=\"https:\/\/doca.es\/wp-content\/uploads\/2025\/09\/DSC03624-Editar-1024x643.jpg\" alt=\"\" class=\"wp-image-4312\" srcset=\"https:\/\/doca.es\/wp-content\/uploads\/2025\/09\/DSC03624-Editar-1024x643.jpg 1024w, https:\/\/doca.es\/wp-content\/uploads\/2025\/09\/DSC03624-Editar-1536x965.jpg 1536w, https:\/\/doca.es\/wp-content\/uploads\/2025\/09\/DSC03624-Editar-2048x1286.jpg 2048w\" sizes=\"auto, (max-width: 1024px) 100vw, 1024px\" \/><\/figure>\n\n\n\n<div class=\"gb-element-5c2e92b3\"><\/div>\n<\/div>\n\n\n\n<h3 class=\"gb-text gb-text-e8165eb6\">UNE COMMUNAUT\u00c9 MONDIALE POUR LE CHANGEMENT<\/h3>\n\n\n\n<p>Le Groupe KBV nous anime avec un objectif commun : d\u00e9montrer que le design avant-gardiste peut aller de pair avec la transparence, l\u2019\u00e9thique et la durabilit\u00e9. Chez DOCA, cet engagement se refl\u00e8te dans notre mani\u00e8re de travailler avec nos \u00e9quipes, nos clients et nos collaborateurs, en construisant des relations solides et responsables. La certification B. Corp n\u2019est pas une fin en soi mais le chemin qui guide notre \u00e9volution vers un mod\u00e8le entrepreneurial plus humain, inclusif et transformateur.  <\/p>\n\n\n\n<p><\/p>\n\n\n\n<p><\/p>\n<\/div>\n<\/div>\n<\/div>\n<\/div>\n<\/div>\n<\/div>\n\n\n\n<div class=\"gb-element-1b74e47d\"><\/div>\n\n\n\n<div class=\"gb-element-4bd7125c\">\n<div class=\"gb-element-2073de46\"><\/div>\n\n\n\n<div>\n<div>\n<div>\n<h3 class=\"gb-text gb-text-48fb4ab2\"><strong>LES CINQ PILIERS DE NOTRE ENGAGEMENT B CORP.<\/strong><\/h3>\n<\/div>\n\n\n\n<div class=\"wp-block-group has-global-padding is-content-justification-left is-layout-constrained wp-container-core-group-is-layout-29acafb6 wp-block-group-is-layout-constrained\" style=\"padding-left:var(--wp--preset--spacing--50)\">\n<p class=\"has-text-align-left\" style=\"margin-bottom:var(--wp--preset--spacing--30)\"><strong>. Environnement<\/strong> : nous utilisons des mat\u00e9riaux durables et suivons des processus responsables pour r\u00e9duire notre empreinte carbone.<\/p>\n\n\n\n<p class=\"has-text-align-left\" style=\"margin-bottom:var(--wp--preset--spacing--30)\"><strong>. Gouvernance<\/strong> : nous prenons des d\u00e9cisions \u00e9thiques, transparentes et responsables dans tous les domaines de l\u2019entrerprise.<\/p>\n\n\n\n<p class=\"has-text-align-left is-style-default\" style=\"margin-right:0;margin-bottom:var(--wp--preset--spacing--30);margin-left:0\"><strong>. Travailleurs<\/strong> : nous misons sur le bien-\u00eatre, la s\u00e9curit\u00e9 et le d\u00e9veloppement de notre \u00e9quipe, garantissant un environnement inclusif.<\/p>\n\n\n\n<p class=\"has-text-align-left\" style=\"padding-bottom:var(--wp--preset--spacing--30)\"><strong>. Communaut\u00e9<\/strong> : nous collaborons avec notre entourage social et professionnel pour g\u00e9n\u00e9rer un impact positif au-del\u00e0 du design.<\/p>\n\n\n\n<p class=\"has-text-align-left\" style=\"padding-bottom:var(--wp--preset--spacing--20)\"><strong>. Clients<\/strong> : nous offrons des projets uniques, d\u2019une qualit\u00e9 et durabilit\u00e9 maximales, qui apportent une valeur r\u00e9elle et consciente \u00e0 la vie des gens.<\/p>\n<\/div>\n<\/div>\n<\/div>\n\n\n\n<div class=\"gb-element-e9b07edb\"><\/div>\n<\/div>\n\n\n\n<div class=\"gb-element-38451dd7\">\n<div class=\"gb-element-e7a0ea61 doca-1600\">\n<div>\n<p class=\"gb-text\">Faire partie du mouvement <strong>B Corp<\/strong> nous relie \u00e0 une communaut\u00e9 d\u2019entreprises engag\u00e9es dans le changement positif. Pour ceux qui font confiance \u00e0 Doca &#8211; clients, architectes, distributeurs, designers d\u2019int\u00e9rieurs &#8211; cette certification est une garantie suppl\u00e9mentaire : chaque projet, chaque d\u00e9cision, chaque d\u00e9tail na\u00eet d\u2019un objectif. Un objectif clair : faire bien les choses, de mani\u00e8re responsable et avec un impact positif.  <\/p>\n\n\n\n<p>Chez DOCA, nous nous demandons constamment qui est concern\u00e9 par nos actions. Et nous avons d\u00e9cid\u00e9 de participer activement au changement. Parce qu\u2019il ne s\u2019agit pas d\u2019\u00eatre parfait mais d\u2019avancer de mani\u00e8re coh\u00e9rente.  <\/p>\n\n\n\n<p>Cette reconnaissance n\u2019est pas une fin en soi, c\u2019est seulement un d\u00e9but.<\/p>\n\n\n\n<p><br><\/p>\n\n\n\n<div class=\"gb-element-5ed26609\">\n<p class=\"gb-text gb-text-cffd9e81\">Chez DOCA, nous ne con\u00e7evons pas uniquement des espaces.&nbsp;<br>Nous cr\u00e9ons le futur.<\/p>\n<\/div>\n<\/div>\n<\/div>\n<\/div>\n\n\n\n<div class=\"gb-element-77b4e85b\">\n<div class=\"gb-element-5ed26609\">\n<p class=\"gb-text gb-text-cffd9e81\">Le Design<br><em>D&rsquo;Exception<\/em> a un nom<\/p>\n\n\n\n<img loading=\"lazy\" decoding=\"async\" width=\"2560\" height=\"771\" class=\"gb-media-6303f5f0\" alt=\"\" src=\"https:\/\/doca.es\/wp-content\/uploads\/2025\/05\/8dea829647f4d10c34600eac19f9dc7ee6b48f88-1-scaled.png\" title=\"8dea829647f4d10c34600eac19f9dc7ee6b48f88 (1)\" srcset=\"https:\/\/doca.es\/wp-content\/uploads\/2025\/05\/8dea829647f4d10c34600eac19f9dc7ee6b48f88-1-scaled.png 2560w, https:\/\/doca.es\/wp-content\/uploads\/2025\/05\/8dea829647f4d10c34600eac19f9dc7ee6b48f88-1-1024x309.png 1024w, https:\/\/doca.es\/wp-content\/uploads\/2025\/05\/8dea829647f4d10c34600eac19f9dc7ee6b48f88-1-1536x463.png 1536w, https:\/\/doca.es\/wp-content\/uploads\/2025\/05\/8dea829647f4d10c34600eac19f9dc7ee6b48f88-1-2048x617.png 2048w\" sizes=\"auto, (max-width: 2560px) 100vw, 2560px\" \/>\n\n\n\n<p class=\"gb-text gb-text-d271eda2\">\u00c9changeons et imaginons ensemble ce que nous pourrions cr\u00e9er<\/p>\n\n\n\n<div class=\"gb-element-e47fe3c4\">\n<a class=\"gb-text gb-text-82d935e0 btn-doca\" href=\"https:\/\/doca.es\/fr\/contacter\/\">Contact<\/a>\n<\/div>\n<\/div>\n<\/div>\n","protected":false},"excerpt":{"rendered":"<p>NOUS SOMMES UNE ENTREPRISE B.CORP : ENGAG\u00c9S POUR L\u2019AVENIR En tant que membre du Groupe KBV, DOCA vous partage sa satisfaction d\u2019une r\u00e9ussite qui marque un avant et un apr\u00e8s : la certification B Corp, qui reconna\u00eet l\u2019engagement du groupe et de toutes ses marques en faveur d\u2019un impact positif r\u00e9el. Cette distinction internationale r\u00e9compense [&hellip;]<\/p>\n","protected":false},"author":2,"featured_media":0,"parent":0,"menu_order":0,"comment_status":"closed","ping_status":"closed","template":"","meta":{"footnotes":""},"class_list":["post-4386","page","type-page","status-publish","hentry"],"yoast_head":"<!-- This site is optimized with the Yoast SEO plugin v26.3 - https:\/\/yoast.com\/wordpress\/plugins\/seo\/ -->\n<title>Nous sommes une entreprise B Corp - DOCA<\/title>\n<meta name=\"description\" content=\"D\u00e9couvrez comment DOCA int\u00e8gre la durabilit\u00e9, l&#039;\u00e9thique et la conception responsable dans chaque projet. Le bois certifi\u00e9, les relations conscientes et l&#039;excellence environnementale d\u00e9finissent notre engagement pour un avenir plus propre et plus humain.\" \/>\n<meta name=\"robots\" content=\"index, follow, max-snippet:-1, max-image-preview:large, max-video-preview:-1\" \/>\n<link rel=\"canonical\" href=\"https:\/\/doca.es\/fr\/nous-sommes-une-entreprise-b-corp\/\" \/>\n<meta property=\"og:locale\" content=\"fr_FR\" \/>\n<meta property=\"og:type\" content=\"article\" \/>\n<meta property=\"og:title\" content=\"Nous sommes une entreprise B Corp - DOCA\" \/>\n<meta property=\"og:description\" content=\"D\u00e9couvrez comment DOCA int\u00e8gre la durabilit\u00e9, l&#039;\u00e9thique et la conception responsable dans chaque projet. Le bois certifi\u00e9, les relations conscientes et l&#039;excellence environnementale d\u00e9finissent notre engagement pour un avenir plus propre et plus humain.\" \/>\n<meta property=\"og:url\" content=\"https:\/\/doca.es\/fr\/nous-sommes-une-entreprise-b-corp\/\" \/>\n<meta property=\"og:site_name\" content=\"DOCA\" \/>\n<meta property=\"article:modified_time\" content=\"2025-10-07T05:07:11+00:00\" \/>\n<meta property=\"og:image\" content=\"https:\/\/doca.es\/wp-content\/uploads\/2025\/09\/FOTO-FABRICA-2-scaled.jpg\" \/>\n<meta name=\"twitter:card\" content=\"summary_large_image\" \/>\n<meta name=\"twitter:label1\" content=\"Dur\u00e9e de lecture estim\u00e9e\" \/>\n\t<meta name=\"twitter:data1\" content=\"6 minutes\" \/>\n<script type=\"application\/ld+json\" class=\"yoast-schema-graph\">{\"@context\":\"https:\/\/schema.org\",\"@graph\":[{\"@type\":\"WebPage\",\"@id\":\"https:\/\/doca.es\/fr\/nous-sommes-une-entreprise-b-corp\/\",\"url\":\"https:\/\/doca.es\/fr\/nous-sommes-une-entreprise-b-corp\/\",\"name\":\"Nous sommes une entreprise B Corp - DOCA\",\"isPartOf\":{\"@id\":\"https:\/\/doca.es\/fr\/#website\"},\"primaryImageOfPage\":{\"@id\":\"https:\/\/doca.es\/fr\/nous-sommes-une-entreprise-b-corp\/#primaryimage\"},\"image\":{\"@id\":\"https:\/\/doca.es\/fr\/nous-sommes-une-entreprise-b-corp\/#primaryimage\"},\"thumbnailUrl\":\"https:\/\/doca.es\/wp-content\/uploads\/2025\/09\/FOTO-FABRICA-2-scaled.jpg\",\"datePublished\":\"2025-10-01T11:38:12+00:00\",\"dateModified\":\"2025-10-07T05:07:11+00:00\",\"description\":\"D\u00e9couvrez comment DOCA int\u00e8gre la durabilit\u00e9, l'\u00e9thique et la conception responsable dans chaque projet. Le bois certifi\u00e9, les relations conscientes et l'excellence environnementale d\u00e9finissent notre engagement pour un avenir plus propre et plus humain.\",\"breadcrumb\":{\"@id\":\"https:\/\/doca.es\/fr\/nous-sommes-une-entreprise-b-corp\/#breadcrumb\"},\"inLanguage\":\"fr-FR\",\"potentialAction\":[{\"@type\":\"ReadAction\",\"target\":[\"https:\/\/doca.es\/fr\/nous-sommes-une-entreprise-b-corp\/\"]}]},{\"@type\":\"ImageObject\",\"inLanguage\":\"fr-FR\",\"@id\":\"https:\/\/doca.es\/fr\/nous-sommes-une-entreprise-b-corp\/#primaryimage\",\"url\":\"https:\/\/doca.es\/wp-content\/uploads\/2025\/09\/FOTO-FABRICA-2-scaled.jpg\",\"contentUrl\":\"https:\/\/doca.es\/wp-content\/uploads\/2025\/09\/FOTO-FABRICA-2-scaled.jpg\"},{\"@type\":\"BreadcrumbList\",\"@id\":\"https:\/\/doca.es\/fr\/nous-sommes-une-entreprise-b-corp\/#breadcrumb\",\"itemListElement\":[{\"@type\":\"ListItem\",\"position\":1,\"name\":\"Portada\",\"item\":\"https:\/\/doca.es\/fr\/\"},{\"@type\":\"ListItem\",\"position\":2,\"name\":\"Nous sommes une entreprise B Corp\"}]},{\"@type\":\"WebSite\",\"@id\":\"https:\/\/doca.es\/fr\/#website\",\"url\":\"https:\/\/doca.es\/fr\/\",\"name\":\"DOCA\",\"description\":\"\",\"publisher\":{\"@id\":\"https:\/\/doca.es\/fr\/#organization\"},\"potentialAction\":[{\"@type\":\"SearchAction\",\"target\":{\"@type\":\"EntryPoint\",\"urlTemplate\":\"https:\/\/doca.es\/fr\/?s={search_term_string}\"},\"query-input\":{\"@type\":\"PropertyValueSpecification\",\"valueRequired\":true,\"valueName\":\"search_term_string\"}}],\"inLanguage\":\"fr-FR\"},{\"@type\":\"Organization\",\"@id\":\"https:\/\/doca.es\/fr\/#organization\",\"name\":\"DOCA\",\"url\":\"https:\/\/doca.es\/fr\/\",\"logo\":{\"@type\":\"ImageObject\",\"inLanguage\":\"fr-FR\",\"@id\":\"https:\/\/doca.es\/fr\/#\/schema\/logo\/image\/\",\"url\":\"https:\/\/doca.es\/wp-content\/uploads\/2025\/05\/8dea829647f4d10c34600eac19f9dc7ee6b48f88-1-scaled.png\",\"contentUrl\":\"https:\/\/doca.es\/wp-content\/uploads\/2025\/05\/8dea829647f4d10c34600eac19f9dc7ee6b48f88-1-scaled.png\",\"width\":2560,\"height\":771,\"caption\":\"DOCA\"},\"image\":{\"@id\":\"https:\/\/doca.es\/fr\/#\/schema\/logo\/image\/\"}}]}<\/script>\n<!-- \/ Yoast SEO plugin. -->","yoast_head_json":{"title":"Nous sommes une entreprise B Corp - DOCA","description":"D\u00e9couvrez comment DOCA int\u00e8gre la durabilit\u00e9, l'\u00e9thique et la conception responsable dans chaque projet. Le bois certifi\u00e9, les relations conscientes et l'excellence environnementale d\u00e9finissent notre engagement pour un avenir plus propre et plus humain.","robots":{"index":"index","follow":"follow","max-snippet":"max-snippet:-1","max-image-preview":"max-image-preview:large","max-video-preview":"max-video-preview:-1"},"canonical":"https:\/\/doca.es\/fr\/nous-sommes-une-entreprise-b-corp\/","og_locale":"fr_FR","og_type":"article","og_title":"Nous sommes une entreprise B Corp - DOCA","og_description":"D\u00e9couvrez comment DOCA int\u00e8gre la durabilit\u00e9, l'\u00e9thique et la conception responsable dans chaque projet. Le bois certifi\u00e9, les relations conscientes et l'excellence environnementale d\u00e9finissent notre engagement pour un avenir plus propre et plus humain.","og_url":"https:\/\/doca.es\/fr\/nous-sommes-une-entreprise-b-corp\/","og_site_name":"DOCA","article_modified_time":"2025-10-07T05:07:11+00:00","og_image":[{"url":"https:\/\/doca.es\/wp-content\/uploads\/2025\/09\/FOTO-FABRICA-2-scaled.jpg","type":"","width":"","height":""}],"twitter_card":"summary_large_image","twitter_misc":{"Dur\u00e9e de lecture estim\u00e9e":"6 minutes"},"schema":{"@context":"https:\/\/schema.org","@graph":[{"@type":"WebPage","@id":"https:\/\/doca.es\/fr\/nous-sommes-une-entreprise-b-corp\/","url":"https:\/\/doca.es\/fr\/nous-sommes-une-entreprise-b-corp\/","name":"Nous sommes une entreprise B Corp - DOCA","isPartOf":{"@id":"https:\/\/doca.es\/fr\/#website"},"primaryImageOfPage":{"@id":"https:\/\/doca.es\/fr\/nous-sommes-une-entreprise-b-corp\/#primaryimage"},"image":{"@id":"https:\/\/doca.es\/fr\/nous-sommes-une-entreprise-b-corp\/#primaryimage"},"thumbnailUrl":"https:\/\/doca.es\/wp-content\/uploads\/2025\/09\/FOTO-FABRICA-2-scaled.jpg","datePublished":"2025-10-01T11:38:12+00:00","dateModified":"2025-10-07T05:07:11+00:00","description":"D\u00e9couvrez comment DOCA int\u00e8gre la durabilit\u00e9, l'\u00e9thique et la conception responsable dans chaque projet. Le bois certifi\u00e9, les relations conscientes et l'excellence environnementale d\u00e9finissent notre engagement pour un avenir plus propre et plus humain.","breadcrumb":{"@id":"https:\/\/doca.es\/fr\/nous-sommes-une-entreprise-b-corp\/#breadcrumb"},"inLanguage":"fr-FR","potentialAction":[{"@type":"ReadAction","target":["https:\/\/doca.es\/fr\/nous-sommes-une-entreprise-b-corp\/"]}]},{"@type":"ImageObject","inLanguage":"fr-FR","@id":"https:\/\/doca.es\/fr\/nous-sommes-une-entreprise-b-corp\/#primaryimage","url":"https:\/\/doca.es\/wp-content\/uploads\/2025\/09\/FOTO-FABRICA-2-scaled.jpg","contentUrl":"https:\/\/doca.es\/wp-content\/uploads\/2025\/09\/FOTO-FABRICA-2-scaled.jpg"},{"@type":"BreadcrumbList","@id":"https:\/\/doca.es\/fr\/nous-sommes-une-entreprise-b-corp\/#breadcrumb","itemListElement":[{"@type":"ListItem","position":1,"name":"Portada","item":"https:\/\/doca.es\/fr\/"},{"@type":"ListItem","position":2,"name":"Nous sommes une entreprise B Corp"}]},{"@type":"WebSite","@id":"https:\/\/doca.es\/fr\/#website","url":"https:\/\/doca.es\/fr\/","name":"DOCA","description":"","publisher":{"@id":"https:\/\/doca.es\/fr\/#organization"},"potentialAction":[{"@type":"SearchAction","target":{"@type":"EntryPoint","urlTemplate":"https:\/\/doca.es\/fr\/?s={search_term_string}"},"query-input":{"@type":"PropertyValueSpecification","valueRequired":true,"valueName":"search_term_string"}}],"inLanguage":"fr-FR"},{"@type":"Organization","@id":"https:\/\/doca.es\/fr\/#organization","name":"DOCA","url":"https:\/\/doca.es\/fr\/","logo":{"@type":"ImageObject","inLanguage":"fr-FR","@id":"https:\/\/doca.es\/fr\/#\/schema\/logo\/image\/","url":"https:\/\/doca.es\/wp-content\/uploads\/2025\/05\/8dea829647f4d10c34600eac19f9dc7ee6b48f88-1-scaled.png","contentUrl":"https:\/\/doca.es\/wp-content\/uploads\/2025\/05\/8dea829647f4d10c34600eac19f9dc7ee6b48f88-1-scaled.png","width":2560,"height":771,"caption":"DOCA"},"image":{"@id":"https:\/\/doca.es\/fr\/#\/schema\/logo\/image\/"}}]}},"_links":{"self":[{"href":"https:\/\/doca.es\/fr\/wp-json\/wp\/v2\/pages\/4386","targetHints":{"allow":["GET"]}}],"collection":[{"href":"https:\/\/doca.es\/fr\/wp-json\/wp\/v2\/pages"}],"about":[{"href":"https:\/\/doca.es\/fr\/wp-json\/wp\/v2\/types\/page"}],"author":[{"embeddable":true,"href":"https:\/\/doca.es\/fr\/wp-json\/wp\/v2\/users\/2"}],"replies":[{"embeddable":true,"href":"https:\/\/doca.es\/fr\/wp-json\/wp\/v2\/comments?post=4386"}],"version-history":[{"count":4,"href":"https:\/\/doca.es\/fr\/wp-json\/wp\/v2\/pages\/4386\/revisions"}],"predecessor-version":[{"id":4569,"href":"https:\/\/doca.es\/fr\/wp-json\/wp\/v2\/pages\/4386\/revisions\/4569"}],"wp:attachment":[{"href":"https:\/\/doca.es\/fr\/wp-json\/wp\/v2\/media?parent=4386"}],"curies":[{"name":"wp","href":"https:\/\/api.w.org\/{rel}","templated":true}]}}