{"id":4461,"date":"2025-10-03T11:40:43","date_gmt":"2025-10-03T11:40:43","guid":{"rendered":"https:\/\/doca.es\/inicio\/"},"modified":"2025-12-04T17:28:06","modified_gmt":"2025-12-04T17:28:06","slug":"inicio","status":"publish","type":"page","link":"https:\/\/doca.es\/fr\/","title":{"rendered":"Inicio"},"content":{"rendered":"\n<div class=\"gb-element-53a909a9 doca-video-wrapper\">\n<div class=\"wp-block-cover is-light\" style=\"min-height:100%;aspect-ratio:unset;\"><video class=\"wp-block-cover__video-background intrinsic-ignore\" autoplay muted loop playsinline src=\"https:\/\/doca.es\/wp-content\/uploads\/2025\/05\/DOCA-Home-Page_12mb-2.mp4\" data-object-fit=\"cover\"><\/video><span aria-hidden=\"true\" class=\"wp-block-cover__background has-background-dim-0 has-background-dim\" style=\"background-color:#FFF\"><\/span><div class=\"wp-block-cover__inner-container has-global-padding is-layout-constrained wp-block-cover-is-layout-constrained\">\n<p><\/p>\n<\/div><\/div>\n\n\n\n<div class=\"gb-element-ff23150a doca-mute-button\">\n<img loading=\"lazy\" decoding=\"async\" width=\"64\" height=\"64\" class=\"gb-media-e5f41fae doca-mute-icon\" alt=\"\" src=\"https:\/\/doca.es\/wp-content\/uploads\/2025\/06\/volumeoff.webp\" title=\"volumeoff\"\/>\n<\/div>\n<\/div>\n\n\n\n<div class=\"gb-element-e3749eb0\">\n<div class=\"gb-element-bc071e74 doca-1600\">\n<p class=\"gb-text gb-text-ab5f2f0e\">DES ESPACES UNIQUES QUI R\u00c9SISTENT \u00c0 L&rsquo;\u00c9PREUVE DU TEMPS, PLEINS D&rsquo;\u00c9QUILIBRE ET D&rsquo;\u00c9L\u00c9GANCE.<\/p>\n<\/div>\n<\/div>\n\n\n\n<div class=\"gb-element-4495b47a doca-product-list\">\n<div class=\"gb-element-112d462d\">\n<a class=\"gb-element-3dfe89c4 doca-product-image\" href=\"https:\/\/doca.es\/fr\/produits\/cuisines\/\">\n<img loading=\"lazy\" decoding=\"async\" width=\"2480\" height=\"1471\" class=\"gb-media-bddd6239\" alt=\"\" src=\"https:\/\/doca.es\/wp-content\/uploads\/2025\/06\/1.DOCA_CUINA-TRESILLE_FRONTAL.jpg\" title=\"3. nuevas tendencias_\" srcset=\"https:\/\/doca.es\/wp-content\/uploads\/2025\/06\/1.DOCA_CUINA-TRESILLE_FRONTAL.jpg 2480w, https:\/\/doca.es\/wp-content\/uploads\/2025\/06\/1.DOCA_CUINA-TRESILLE_FRONTAL-1024x607.jpg 1024w, https:\/\/doca.es\/wp-content\/uploads\/2025\/06\/1.DOCA_CUINA-TRESILLE_FRONTAL-1536x911.jpg 1536w, https:\/\/doca.es\/wp-content\/uploads\/2025\/06\/1.DOCA_CUINA-TRESILLE_FRONTAL-2048x1215.jpg 2048w\" sizes=\"auto, (max-width: 2480px) 100vw, 2480px\" \/>\n\n\n\n<p class=\"gb-text gb-text-e056f5f0\">Cuisines<\/p>\n\n\n\n<div class=\"doca-gradient\"><\/div>\n<\/a>\n\n\n\n<a class=\"gb-element-972f13ab doca-product-image\" href=\"https:\/\/doca.es\/fr\/produits\/armoires\/\">\n<img loading=\"lazy\" decoding=\"async\" width=\"2560\" height=\"1648\" class=\"gb-media-d2160459\" alt=\"\" src=\"https:\/\/doca.es\/wp-content\/uploads\/2025\/05\/d9224193f4e3e9938dfb62f46630929b0aba4ebc-1-scaled.jpg\" title=\"3. nuevas tendencias_\" srcset=\"https:\/\/doca.es\/wp-content\/uploads\/2025\/05\/d9224193f4e3e9938dfb62f46630929b0aba4ebc-1-scaled.jpg 2560w, https:\/\/doca.es\/wp-content\/uploads\/2025\/05\/d9224193f4e3e9938dfb62f46630929b0aba4ebc-1-1024x659.jpg 1024w, https:\/\/doca.es\/wp-content\/uploads\/2025\/05\/d9224193f4e3e9938dfb62f46630929b0aba4ebc-1-1536x989.jpg 1536w, https:\/\/doca.es\/wp-content\/uploads\/2025\/05\/d9224193f4e3e9938dfb62f46630929b0aba4ebc-1-2048x1318.jpg 2048w\" sizes=\"auto, (max-width: 2560px) 100vw, 2560px\" \/>\n\n\n\n<p class=\"gb-text gb-text-6e3a1f9c\">Armoires<\/p>\n\n\n\n<div class=\"doca-gradient\"><\/div>\n<\/a>\n\n\n\n<a class=\"gb-element-87a63b20 doca-product-image\" href=\"https:\/\/doca.es\/fr\/produits\/vie\/\">\n<img loading=\"lazy\" decoding=\"async\" width=\"2100\" height=\"1556\" class=\"gb-media-793f5856\" alt=\"\" src=\"https:\/\/doca.es\/wp-content\/uploads\/2025\/05\/c62f232bde07f4694b56ec5ab88e5c71212cb99d-1.jpg\" title=\"3. nuevas tendencias_\" srcset=\"https:\/\/doca.es\/wp-content\/uploads\/2025\/05\/c62f232bde07f4694b56ec5ab88e5c71212cb99d-1.jpg 2100w, https:\/\/doca.es\/wp-content\/uploads\/2025\/05\/c62f232bde07f4694b56ec5ab88e5c71212cb99d-1-1024x759.jpg 1024w, https:\/\/doca.es\/wp-content\/uploads\/2025\/05\/c62f232bde07f4694b56ec5ab88e5c71212cb99d-1-1536x1138.jpg 1536w, https:\/\/doca.es\/wp-content\/uploads\/2025\/05\/c62f232bde07f4694b56ec5ab88e5c71212cb99d-1-2048x1517.jpg 2048w\" sizes=\"auto, (max-width: 2100px) 100vw, 2100px\" \/>\n\n\n\n<p class=\"gb-text gb-text-f0afc1cb\">Pi\u00e8ce de Vie<\/p>\n\n\n\n<div class=\"doca-gradient\"><\/div>\n<\/a>\n\n\n\n<a class=\"gb-element-911b48eb doca-product-image\" href=\"https:\/\/doca.es\/fr\/produits\/salles-de-bains\/\">\n<img loading=\"lazy\" decoding=\"async\" width=\"2560\" height=\"1708\" class=\"gb-media-4e5f2f3c\" alt=\"\" src=\"https:\/\/doca.es\/wp-content\/uploads\/2025\/05\/a589b87ef98613d33d0c30457a77f461ef8b0dcb-1-scaled.jpg\" title=\"3. nuevas tendencias_\" srcset=\"https:\/\/doca.es\/wp-content\/uploads\/2025\/05\/a589b87ef98613d33d0c30457a77f461ef8b0dcb-1-scaled.jpg 2560w, https:\/\/doca.es\/wp-content\/uploads\/2025\/05\/a589b87ef98613d33d0c30457a77f461ef8b0dcb-1-1024x683.jpg 1024w, https:\/\/doca.es\/wp-content\/uploads\/2025\/05\/a589b87ef98613d33d0c30457a77f461ef8b0dcb-1-1536x1025.jpg 1536w, https:\/\/doca.es\/wp-content\/uploads\/2025\/05\/a589b87ef98613d33d0c30457a77f461ef8b0dcb-1-2048x1367.jpg 2048w\" sizes=\"auto, (max-width: 2560px) 100vw, 2560px\" \/>\n\n\n\n<p class=\"gb-text gb-text-8d4307f1\">Toilettes<\/p>\n\n\n\n<div class=\"doca-gradient\"><\/div>\n<\/a>\n<\/div>\n<\/div>\n\n\n\n<div class=\"gb-element-ea2ab40d\">\n<div class=\"gb-element-e48e2fa0 doca-1600\">\n<p class=\"gb-text gb-text-f8f6a87c\">RIEN NE SERA BEAU SANS \u00caTRE FONCTIONNEL<\/p>\n<\/div>\n<\/div>\n\n\n\n<div class=\"gb-element-816528cd doca-video-wrapper\">\n<div class=\"wp-block-cover is-light\" style=\"min-height:100%;aspect-ratio:unset;\"><video class=\"wp-block-cover__video-background intrinsic-ignore\" autoplay muted loop playsinline src=\"https:\/\/doca.es\/wp-content\/uploads\/2025\/05\/Cuines-de-Clients-HOME-HandBrake.mp4\" data-object-fit=\"cover\"><\/video><span aria-hidden=\"true\" class=\"wp-block-cover__background has-background-dim-0 has-background-dim\" style=\"background-color:#FFF\"><\/span><div class=\"wp-block-cover__inner-container has-global-padding is-layout-constrained wp-block-cover-is-layout-constrained\">\n<p class=\"has-text-align-center has-large-font-size\"><\/p>\n<\/div><\/div>\n\n\n\n<div class=\"gb-element-833f6701 doca-mute-button\">\n<img loading=\"lazy\" decoding=\"async\" width=\"64\" height=\"64\" class=\"gb-media-c72af874 doca-mute-icon\" alt=\"\" src=\"https:\/\/doca.es\/wp-content\/uploads\/2025\/06\/volumeoff.webp\" title=\"volumeoff\"\/>\n<\/div>\n<\/div>\n\n\n\n<div class=\"gb-element-7e7ca42c\">\n<div class=\"gb-element-7f724b09\">\n<p class=\"gb-text gb-text-4bf8d1c0\">Projets<\/p>\n\n\n\n<div class=\"gb-query-256b7e75\"><div class=\"gb-looper-9064efcb\">\n<a class=\"gb-loop-item gb-loop-item-20c1f1b1 post-5230 proyectos type-proyectos status-publish has-post-thumbnail hentry\" href=\"https:\/\/doca.es\/fr\/projets\/projet-doca-dans-la-rehabilitation-de-brackenwood-lodge-avec-studio-kyson\/\">\n<img loading=\"lazy\" decoding=\"async\" width=\"2560\" height=\"1085\" data-media-id=\"5215\" class=\"gb-media-f82927d9\" src=\"https:\/\/doca.es\/wp-content\/uploads\/2026\/04\/HighRes_Billy-Bolton_Kyson_Brackenwood-Lodge_109-153-scaled.jpg\" alt=\"Projet DOCA dans la r\u00e9habilitation de Brackenwood Lodge avec Studio Kyson\" srcset=\"https:\/\/doca.es\/wp-content\/uploads\/2026\/04\/HighRes_Billy-Bolton_Kyson_Brackenwood-Lodge_109-153-scaled.jpg 2560w, https:\/\/doca.es\/wp-content\/uploads\/2026\/04\/HighRes_Billy-Bolton_Kyson_Brackenwood-Lodge_109-153-1024x434.jpg 1024w, https:\/\/doca.es\/wp-content\/uploads\/2026\/04\/HighRes_Billy-Bolton_Kyson_Brackenwood-Lodge_109-153-1536x651.jpg 1536w, https:\/\/doca.es\/wp-content\/uploads\/2026\/04\/HighRes_Billy-Bolton_Kyson_Brackenwood-Lodge_109-153-2048x868.jpg 2048w\" sizes=\"auto, (max-width: 2560px) 100vw, 2560px\" \/>\n\n\n\n<p class=\"gb-text gb-text-0e39eeb8\">Projet DOCA dans la r\u00e9habilitation de Brackenwood Lodge avec Studio Kyson &#8211; <em>Essex<\/em><\/p>\n\n\n\n<p class=\"gb-text gb-text-3d723f92\">\u00c0 Brackenwood Lodge, situ\u00e9 \u00e0 Lippitts Hill, dans la for\u00eat d\u2019Epping (Angleterre), le studio Studio Kyson propose la transformation d\u2019une ancienne grange agricole en une habitation contemporaine qui dialogue avec le paysage environnant. Le projet repose sur la r\u00e9utilisation d\u2019une structure existante, en r\u00e9interpr\u00e9tant son caract\u00e8re industriel pour l\u2019adapter \u00e0 un nouvel usage r\u00e9sidentiel.<\/p>\n<\/a>\n\n<a class=\"gb-loop-item gb-loop-item-20c1f1b1 post-4830 proyectos type-proyectos status-publish has-post-thumbnail hentry\" href=\"https:\/\/doca.es\/fr\/projets\/cuisine-integree-dans-une-maison-unifamiliale-avec-connexion-a-lexterieur\/\">\n<img loading=\"lazy\" decoding=\"async\" width=\"2560\" height=\"1708\" data-media-id=\"4810\" class=\"gb-media-f82927d9\" src=\"https:\/\/doca.es\/wp-content\/uploads\/2025\/11\/portada-1-scaled.jpg\" alt=\"Cuisine int\u00e9gr\u00e9e dans une maison unifamiliale, avec connexion \u00e0 l\u2019ext\u00e9rieur\" srcset=\"https:\/\/doca.es\/wp-content\/uploads\/2025\/11\/portada-1-scaled.jpg 2560w, https:\/\/doca.es\/wp-content\/uploads\/2025\/11\/portada-1-1024x683.jpg 1024w, https:\/\/doca.es\/wp-content\/uploads\/2025\/11\/portada-1-1536x1025.jpg 1536w, https:\/\/doca.es\/wp-content\/uploads\/2025\/11\/portada-1-2048x1366.jpg 2048w\" sizes=\"auto, (max-width: 2560px) 100vw, 2560px\" \/>\n\n\n\n<p class=\"gb-text gb-text-0e39eeb8\">Cuisine int\u00e9gr\u00e9e dans une maison unifamiliale, avec connexion \u00e0 l\u2019ext\u00e9rieur &#8211; <em>Madrid<\/em><\/p>\n\n\n\n<p class=\"gb-text gb-text-3d723f92\">Dans cette maison situ\u00e9e \u00e0 Madrid, le studio Anton Develops Arquitectos propose une relation fluide entre l\u2019int\u00e9rieur et l\u2019ext\u00e9rieur, o\u00f9 la cuisine se convertit en un espace central de la vie domestique. La d\u00e9cision de l\u2019orienter vers la piscine n\u2019est pas fortuite mais r\u00e9pond \u00e0 l\u2019id\u00e9e de faire de cet endroit un point de rencontre, de convivialit\u00e9 et de plaisir.<\/p>\n<\/a>\n\n<a class=\"gb-loop-item gb-loop-item-20c1f1b1 post-4794 proyectos type-proyectos status-publish has-post-thumbnail hentry\" href=\"https:\/\/doca.es\/fr\/projets\/conception-dune-cuisine-dans-une-maison-traditionnelle-avec-les-montagnardes\/\">\n<img loading=\"lazy\" decoding=\"async\" width=\"2560\" height=\"1708\" data-media-id=\"4775\" class=\"gb-media-f82927d9\" src=\"https:\/\/doca.es\/wp-content\/uploads\/2025\/11\/Les-Montagnardes-Goult\u00a9RomainRicard-13-1-scaled.jpg\" alt=\"Conception d\u2019une cuisine dans une maison traditionnelle avec Les Montagnardes\" srcset=\"https:\/\/doca.es\/wp-content\/uploads\/2025\/11\/Les-Montagnardes-Goult\u00a9RomainRicard-13-1-scaled.jpg 2560w, https:\/\/doca.es\/wp-content\/uploads\/2025\/11\/Les-Montagnardes-Goult\u00a9RomainRicard-13-1-1024x683.jpg 1024w, https:\/\/doca.es\/wp-content\/uploads\/2025\/11\/Les-Montagnardes-Goult\u00a9RomainRicard-13-1-1536x1025.jpg 1536w, https:\/\/doca.es\/wp-content\/uploads\/2025\/11\/Les-Montagnardes-Goult\u00a9RomainRicard-13-1-2048x1366.jpg 2048w\" sizes=\"auto, (max-width: 2560px) 100vw, 2560px\" \/>\n\n\n\n<p class=\"gb-text gb-text-0e39eeb8\">Conception d\u2019une cuisine dans une maison traditionnelle avec Les Montagnardes &#8211; <em>Lub\u00e9ron<\/em><\/p>\n\n\n\n<p class=\"gb-text gb-text-3d723f92\">Nous vous pr\u00e9sentons un nouveau projet de cuisine situ\u00e9 dans le sud de la France, dans le Lub\u00e9ron, con\u00e7u en collaboration avec nos partenaires Les Montagnardes. Cette fois-ci, l\u2019\u00e9quipe se projette dans un environnement rural afin de transformer une maison de campagne fran\u00e7aise classique tout en respectant son essence et son caract\u00e8re originel.<\/p>\n<\/a>\n\n<a class=\"gb-loop-item gb-loop-item-20c1f1b1 post-4730 proyectos type-proyectos status-publish has-post-thumbnail hentry\" href=\"https:\/\/doca.es\/fr\/projets\/proyecto-vivienda-obra-nueva-doca-con-db-design\/\">\n<img loading=\"lazy\" decoding=\"async\" width=\"1600\" height=\"1066\" data-media-id=\"4707\" class=\"gb-media-f82927d9\" src=\"https:\/\/doca.es\/wp-content\/uploads\/2025\/10\/Pittsburgh-wedding-photography-53.jpg\" alt=\"Projet r\u00e9sidentiel neuf \u2013 Doca avec DB Design\" srcset=\"https:\/\/doca.es\/wp-content\/uploads\/2025\/10\/Pittsburgh-wedding-photography-53.jpg 1600w, https:\/\/doca.es\/wp-content\/uploads\/2025\/10\/Pittsburgh-wedding-photography-53-1024x682.jpg 1024w, https:\/\/doca.es\/wp-content\/uploads\/2025\/10\/Pittsburgh-wedding-photography-53-1536x1023.jpg 1536w\" sizes=\"auto, (max-width: 1600px) 100vw, 1600px\" \/>\n\n\n\n<p class=\"gb-text gb-text-0e39eeb8\">Projet r\u00e9sidentiel neuf &#8211; Doca avec DB Design &#8211; <em>Pittsburgh<\/em><\/p>\n\n\n\n<p class=\"gb-text gb-text-3d723f92\">Dans une r\u00e9sidence neuve \u00e0 Pittsburgh, DB Design et Doca ont cr\u00e9\u00e9 un espace o\u00f9 la cuisine devient le c\u0153ur de la maison. Alliant bois naturel et solutions techniques raffin\u00e9es, le design refl\u00e8te la philosophie contemporaine de Doca \u2014 chaleureux, fonctionnel et \u00e9l\u00e9gamment \u00e9quilibr\u00e9.<\/p>\n<\/a>\n<\/div>\n\n<\/div>\n\n\n\n<div class=\"gb-element-4647be79\">\n<a class=\"gb-text gb-text-0a32a231 btn-doca\" href=\"https:\/\/doca.es\/proyectos\">D\u00e9couvrez les projets<\/a>\n<\/div>\n<\/div>\n<\/div>\n\n\n\n<div class=\"gb-element-6631d794\"><\/div>\n\n\n\n<div class=\"gb-element-7e7ec748\">\n<div class=\"gb-element-f14f38f6\">\n<p class=\"gb-text gb-text-5bbb7fca\">Magasins Doca<\/p>\n<\/div>\n\n\n\n<div class=\"gb-element-537bb9d4\"><\/div>\n\n\n\n<div class=\"gb-element-2c1dbf77\">\n<div class=\"gb-element-69fd4c4e\">\n<a class=\"gb-text gb-text-5a34dbf1 btn-doca\" href=\"https:\/\/doca.es\/fr\/magasins\/\">Trouver les magasins DOCA<\/a>\n<\/div>\n<\/div>\n<\/div>\n\n\n\n<div class=\"gb-element-13d3fcdb\"><\/div>\n\n\n\n<div class=\"gb-element-77b4e85b\">\n<div class=\"gb-element-5ed26609\">\n<p class=\"gb-text gb-text-cffd9e81\">Le Design<br><em>D&rsquo;Exception<\/em> a un nom<\/p>\n\n\n\n<img loading=\"lazy\" decoding=\"async\" width=\"2560\" height=\"771\" class=\"gb-media-6303f5f0\" alt=\"\" src=\"https:\/\/doca.es\/wp-content\/uploads\/2025\/05\/8dea829647f4d10c34600eac19f9dc7ee6b48f88-1-scaled.png\" title=\"8dea829647f4d10c34600eac19f9dc7ee6b48f88 (1)\" srcset=\"https:\/\/doca.es\/wp-content\/uploads\/2025\/05\/8dea829647f4d10c34600eac19f9dc7ee6b48f88-1-scaled.png 2560w, https:\/\/doca.es\/wp-content\/uploads\/2025\/05\/8dea829647f4d10c34600eac19f9dc7ee6b48f88-1-1024x309.png 1024w, https:\/\/doca.es\/wp-content\/uploads\/2025\/05\/8dea829647f4d10c34600eac19f9dc7ee6b48f88-1-1536x463.png 1536w, https:\/\/doca.es\/wp-content\/uploads\/2025\/05\/8dea829647f4d10c34600eac19f9dc7ee6b48f88-1-2048x617.png 2048w\" sizes=\"auto, (max-width: 2560px) 100vw, 2560px\" \/>\n\n\n\n<p class=\"gb-text gb-text-d271eda2\">\u00c9changeons et imaginons ensemble ce que nous pourrions cr\u00e9er<\/p>\n\n\n\n<div class=\"gb-element-e47fe3c4\">\n<a class=\"gb-text gb-text-82d935e0 btn-doca\" href=\"https:\/\/doca.es\/fr\/contacter\/\">Contact<\/a>\n<\/div>\n<\/div>\n<\/div>\n\n\n\n<div class=\"wp-block-group alignfull bcorp-modal esBCORP has-background has-global-padding is-layout-constrained wp-container-core-group-is-layout-bcd694da wp-block-group-is-layout-constrained\" style=\"background-color:#00000045;padding-top:var(--wp--preset--spacing--30);padding-right:var(--wp--preset--spacing--30);padding-bottom:var(--wp--preset--spacing--30);padding-left:var(--wp--preset--spacing--30)\">\n<div class=\"gb-element-4d89ee17\">\n<div class=\"same-h\">\n<img decoding=\"async\" class=\"gb-media-d3277acc bcorp-modal-close\" alt=\"\" src=\"https:\/\/deltacocinas.com\/wp-content\/uploads\/2025\/03\/close.svg\"\/>\n<\/div>\n\n\n\n<a class=\"gb-element-0d8c23d0\" href=\"https:\/\/doca.es\/fr\/nous-sommes-une-entreprise-b-corp\/\">\n<img loading=\"lazy\" decoding=\"async\" width=\"800\" height=\"400\" class=\"gb-media-4395fc88\" alt=\"\" src=\"https:\/\/doca.es\/wp-content\/uploads\/2025\/10\/POP-UP-FRANCES.jpg\" title=\"POP UP FRANCES\"\/>\n<\/a>\n<\/div>\n<\/div>\n","protected":false},"excerpt":{"rendered":"<p>DES ESPACES UNIQUES QUI R\u00c9SISTENT \u00c0 L&rsquo;\u00c9PREUVE DU TEMPS, PLEINS D&rsquo;\u00c9QUILIBRE ET D&rsquo;\u00c9L\u00c9GANCE. Cuisines Armoires Pi\u00e8ce de Vie Toilettes RIEN NE SERA BEAU SANS \u00caTRE FONCTIONNEL Projets D\u00e9couvrez les projets Magasins Doca Trouver les magasins DOCA<\/p>\n","protected":false},"author":1,"featured_media":0,"parent":0,"menu_order":0,"comment_status":"closed","ping_status":"closed","template":"","meta":{"footnotes":""},"class_list":["post-4461","page","type-page","status-publish","hentry"],"yoast_head":"<!-- This site is optimized with the Yoast SEO plugin v26.3 - https:\/\/yoast.com\/wordpress\/plugins\/seo\/ -->\n<title>DOCA Cuisines: design et innovation pour des cuisines sur mesure<\/title>\n<meta name=\"robots\" content=\"index, follow, max-snippet:-1, max-image-preview:large, max-video-preview:-1\" \/>\n<link rel=\"canonical\" href=\"https:\/\/doca.es\/fr\/\" \/>\n<meta property=\"og:locale\" content=\"fr_FR\" \/>\n<meta property=\"og:type\" content=\"article\" \/>\n<meta property=\"og:title\" content=\"DOCA Cuisines: design et innovation pour des cuisines sur mesure\" \/>\n<meta property=\"og:description\" content=\"DES ESPACES UNIQUES QUI R\u00c9SISTENT \u00c0 L&rsquo;\u00c9PREUVE DU TEMPS, PLEINS D&rsquo;\u00c9QUILIBRE ET D&rsquo;\u00c9L\u00c9GANCE. Cuisines Armoires Pi\u00e8ce de Vie Toilettes RIEN NE SERA BEAU SANS \u00caTRE FONCTIONNEL Projets D\u00e9couvrez les projets Magasins Doca Trouver les magasins DOCA\" \/>\n<meta property=\"og:url\" content=\"https:\/\/doca.es\/fr\/\" \/>\n<meta property=\"og:site_name\" content=\"DOCA\" \/>\n<meta property=\"article:modified_time\" content=\"2025-12-04T17:28:06+00:00\" \/>\n<meta property=\"og:image\" content=\"https:\/\/doca.es\/wp-content\/uploads\/2025\/06\/volumeoff.webp\" \/>\n<meta name=\"twitter:card\" content=\"summary_large_image\" \/>\n<meta name=\"twitter:label1\" content=\"Dur\u00e9e de lecture estim\u00e9e\" \/>\n\t<meta name=\"twitter:data1\" content=\"5 minutes\" \/>\n<script type=\"application\/ld+json\" class=\"yoast-schema-graph\">{\"@context\":\"https:\/\/schema.org\",\"@graph\":[{\"@type\":\"WebPage\",\"@id\":\"https:\/\/doca.es\/fr\/\",\"url\":\"https:\/\/doca.es\/fr\/\",\"name\":\"DOCA Cuisines: design et innovation pour des cuisines sur mesure\",\"isPartOf\":{\"@id\":\"https:\/\/doca.es\/fr\/#website\"},\"primaryImageOfPage\":{\"@id\":\"https:\/\/doca.es\/fr\/#primaryimage\"},\"image\":{\"@id\":\"https:\/\/doca.es\/fr\/#primaryimage\"},\"thumbnailUrl\":\"https:\/\/doca.es\/wp-content\/uploads\/2025\/06\/volumeoff.webp\",\"datePublished\":\"2025-10-03T11:40:43+00:00\",\"dateModified\":\"2025-12-04T17:28:06+00:00\",\"breadcrumb\":{\"@id\":\"https:\/\/doca.es\/fr\/#breadcrumb\"},\"inLanguage\":\"fr-FR\",\"potentialAction\":[{\"@type\":\"ReadAction\",\"target\":[\"https:\/\/doca.es\/fr\/\"]}]},{\"@type\":\"ImageObject\",\"inLanguage\":\"fr-FR\",\"@id\":\"https:\/\/doca.es\/fr\/#primaryimage\",\"url\":\"https:\/\/doca.es\/wp-content\/uploads\/2025\/06\/volumeoff.webp\",\"contentUrl\":\"https:\/\/doca.es\/wp-content\/uploads\/2025\/06\/volumeoff.webp\"},{\"@type\":\"BreadcrumbList\",\"@id\":\"https:\/\/doca.es\/fr\/#breadcrumb\",\"itemListElement\":[{\"@type\":\"ListItem\",\"position\":1,\"name\":\"Portada\",\"item\":\"https:\/\/doca.es\/fr\/\"},{\"@type\":\"ListItem\",\"position\":2,\"name\":\"Inicio\"}]},{\"@type\":\"WebSite\",\"@id\":\"https:\/\/doca.es\/fr\/#website\",\"url\":\"https:\/\/doca.es\/fr\/\",\"name\":\"DOCA\",\"description\":\"\",\"publisher\":{\"@id\":\"https:\/\/doca.es\/fr\/#organization\"},\"potentialAction\":[{\"@type\":\"SearchAction\",\"target\":{\"@type\":\"EntryPoint\",\"urlTemplate\":\"https:\/\/doca.es\/fr\/?s={search_term_string}\"},\"query-input\":{\"@type\":\"PropertyValueSpecification\",\"valueRequired\":true,\"valueName\":\"search_term_string\"}}],\"inLanguage\":\"fr-FR\"},{\"@type\":\"Organization\",\"@id\":\"https:\/\/doca.es\/fr\/#organization\",\"name\":\"DOCA\",\"url\":\"https:\/\/doca.es\/fr\/\",\"logo\":{\"@type\":\"ImageObject\",\"inLanguage\":\"fr-FR\",\"@id\":\"https:\/\/doca.es\/fr\/#\/schema\/logo\/image\/\",\"url\":\"https:\/\/doca.es\/wp-content\/uploads\/2025\/05\/8dea829647f4d10c34600eac19f9dc7ee6b48f88-1-scaled.png\",\"contentUrl\":\"https:\/\/doca.es\/wp-content\/uploads\/2025\/05\/8dea829647f4d10c34600eac19f9dc7ee6b48f88-1-scaled.png\",\"width\":2560,\"height\":771,\"caption\":\"DOCA\"},\"image\":{\"@id\":\"https:\/\/doca.es\/fr\/#\/schema\/logo\/image\/\"}}]}<\/script>\n<!-- \/ Yoast SEO plugin. -->","yoast_head_json":{"title":"DOCA Cuisines: design et innovation pour des cuisines sur mesure","robots":{"index":"index","follow":"follow","max-snippet":"max-snippet:-1","max-image-preview":"max-image-preview:large","max-video-preview":"max-video-preview:-1"},"canonical":"https:\/\/doca.es\/fr\/","og_locale":"fr_FR","og_type":"article","og_title":"DOCA Cuisines: design et innovation pour des cuisines sur mesure","og_description":"DES ESPACES UNIQUES QUI R\u00c9SISTENT \u00c0 L&rsquo;\u00c9PREUVE DU TEMPS, PLEINS D&rsquo;\u00c9QUILIBRE ET D&rsquo;\u00c9L\u00c9GANCE. Cuisines Armoires Pi\u00e8ce de Vie Toilettes RIEN NE SERA BEAU SANS \u00caTRE FONCTIONNEL Projets D\u00e9couvrez les projets Magasins Doca Trouver les magasins DOCA","og_url":"https:\/\/doca.es\/fr\/","og_site_name":"DOCA","article_modified_time":"2025-12-04T17:28:06+00:00","og_image":[{"url":"https:\/\/doca.es\/wp-content\/uploads\/2025\/06\/volumeoff.webp","type":"","width":"","height":""}],"twitter_card":"summary_large_image","twitter_misc":{"Dur\u00e9e de lecture estim\u00e9e":"5 minutes"},"schema":{"@context":"https:\/\/schema.org","@graph":[{"@type":"WebPage","@id":"https:\/\/doca.es\/fr\/","url":"https:\/\/doca.es\/fr\/","name":"DOCA Cuisines: design et innovation pour des cuisines sur mesure","isPartOf":{"@id":"https:\/\/doca.es\/fr\/#website"},"primaryImageOfPage":{"@id":"https:\/\/doca.es\/fr\/#primaryimage"},"image":{"@id":"https:\/\/doca.es\/fr\/#primaryimage"},"thumbnailUrl":"https:\/\/doca.es\/wp-content\/uploads\/2025\/06\/volumeoff.webp","datePublished":"2025-10-03T11:40:43+00:00","dateModified":"2025-12-04T17:28:06+00:00","breadcrumb":{"@id":"https:\/\/doca.es\/fr\/#breadcrumb"},"inLanguage":"fr-FR","potentialAction":[{"@type":"ReadAction","target":["https:\/\/doca.es\/fr\/"]}]},{"@type":"ImageObject","inLanguage":"fr-FR","@id":"https:\/\/doca.es\/fr\/#primaryimage","url":"https:\/\/doca.es\/wp-content\/uploads\/2025\/06\/volumeoff.webp","contentUrl":"https:\/\/doca.es\/wp-content\/uploads\/2025\/06\/volumeoff.webp"},{"@type":"BreadcrumbList","@id":"https:\/\/doca.es\/fr\/#breadcrumb","itemListElement":[{"@type":"ListItem","position":1,"name":"Portada","item":"https:\/\/doca.es\/fr\/"},{"@type":"ListItem","position":2,"name":"Inicio"}]},{"@type":"WebSite","@id":"https:\/\/doca.es\/fr\/#website","url":"https:\/\/doca.es\/fr\/","name":"DOCA","description":"","publisher":{"@id":"https:\/\/doca.es\/fr\/#organization"},"potentialAction":[{"@type":"SearchAction","target":{"@type":"EntryPoint","urlTemplate":"https:\/\/doca.es\/fr\/?s={search_term_string}"},"query-input":{"@type":"PropertyValueSpecification","valueRequired":true,"valueName":"search_term_string"}}],"inLanguage":"fr-FR"},{"@type":"Organization","@id":"https:\/\/doca.es\/fr\/#organization","name":"DOCA","url":"https:\/\/doca.es\/fr\/","logo":{"@type":"ImageObject","inLanguage":"fr-FR","@id":"https:\/\/doca.es\/fr\/#\/schema\/logo\/image\/","url":"https:\/\/doca.es\/wp-content\/uploads\/2025\/05\/8dea829647f4d10c34600eac19f9dc7ee6b48f88-1-scaled.png","contentUrl":"https:\/\/doca.es\/wp-content\/uploads\/2025\/05\/8dea829647f4d10c34600eac19f9dc7ee6b48f88-1-scaled.png","width":2560,"height":771,"caption":"DOCA"},"image":{"@id":"https:\/\/doca.es\/fr\/#\/schema\/logo\/image\/"}}]}},"_links":{"self":[{"href":"https:\/\/doca.es\/fr\/wp-json\/wp\/v2\/pages\/4461","targetHints":{"allow":["GET"]}}],"collection":[{"href":"https:\/\/doca.es\/fr\/wp-json\/wp\/v2\/pages"}],"about":[{"href":"https:\/\/doca.es\/fr\/wp-json\/wp\/v2\/types\/page"}],"author":[{"embeddable":true,"href":"https:\/\/doca.es\/fr\/wp-json\/wp\/v2\/users\/1"}],"replies":[{"embeddable":true,"href":"https:\/\/doca.es\/fr\/wp-json\/wp\/v2\/comments?post=4461"}],"version-history":[{"count":6,"href":"https:\/\/doca.es\/fr\/wp-json\/wp\/v2\/pages\/4461\/revisions"}],"predecessor-version":[{"id":4884,"href":"https:\/\/doca.es\/fr\/wp-json\/wp\/v2\/pages\/4461\/revisions\/4884"}],"wp:attachment":[{"href":"https:\/\/doca.es\/fr\/wp-json\/wp\/v2\/media?parent=4461"}],"curies":[{"name":"wp","href":"https:\/\/api.w.org\/{rel}","templated":true}]}}